{"id":12,"date":"2016-03-16T18:25:30","date_gmt":"2016-03-16T18:25:30","guid":{"rendered":"http:\/\/maximumservices.local\/pujcovna-inventare\/"},"modified":"2016-03-16T18:25:30","modified_gmt":"2016-03-16T18:25:30","slug":"pujcovna-inventare","status":"publish","type":"page","link":"https:\/\/maximumservices.cz\/en\/pujcovna-inventare\/","title":{"rendered":"P\u016fj\u010dovna invent\u00e1\u0159e"},"content":{"rendered":"<p>Divize Maximum Inventory je zna\u010dka pro p\u016fj\u010dovnu invent&aacute;\u0159e a mobili&aacute;\u0159e a disponuje v&iacute;ce ne\u017e 300 polo\u017ekami gastronomick&eacute;ho vybaven&iacute; k&nbsp;okam\u017eit&eacute;mu odb\u011bru, kter&eacute; jsou k&nbsp;dispozici v&nbsp;pra\u017esk&yacute;ch skladech. Kompletn&iacute; nab&iacute;dka je uvedena zde. K&nbsp;pravideln&yacute;m z&aacute;kazn&iacute;k\u016fm pat\u0159&iacute; ji\u017e po mnoho let hotely, restaurace, korpor&aacute;tn&iacute; klienti, cateringov&eacute; spole\u010dnosti i soukrom&eacute; osoby.<\/p>\n<p>Invent&aacute;\u0159 a mobili&aacute;\u0159 lze poskytnout pro extern&iacute; eventy \u010di akce po\u0159&aacute;dan&eacute; v prostor&aacute;ch Maximum Restaurants, mezi kter&eacute; pat\u0159&iacute;&nbsp;<a href=\"http:\/\/www.caffeadria.cz\/\" title=\"Maximum Restaurants - Caff&eacute; Adira\">Caff&eacute; Restaurant Adria<\/a> nach&aacute;zej&iacute;c&iacute; se v&nbsp;architektonick&eacute;m klenotu &ndash; pal&aacute;ci Adria postaven&eacute;m v&nbsp;rondokubistick&eacute;m stylu. Od roku 2007 nab&iacute;z&iacute; Adria p\u0159&iacute;jemn&eacute; prost\u0159ed&iacute;, vynikaj&iacute;c&iacute; menu a venkovn&iacute; terasu s&nbsp;v&yacute;hledem na historick&eacute; centrum Prahy. <a href=\"http:\/\/maximumparty.cz\/restaurace\" title=\"Maximum Restaurants - Restaurant T\u0159eboradice\">Restaurant T\u0159eboradice<\/a>&nbsp;je naopak zn&aacute;m svou tradi\u010dn&iacute; \u010deskou kuchyn&iacute;, rodinnou atmosf&eacute;rou a pohostinnost&iacute;, kterou host&eacute; uv&iacute;taj&iacute; zejm&eacute;na p\u0159i rodinn&yacute;ch oslav&aacute;ch \u010di posezen&iacute; s p\u0159&aacute;teli. Let\u0148ansk&aacute; <a href=\"http:\/\/www.jidelnaletnany.cz\/\" title=\"Maximum Restaurants - Cantina\">Cantina<\/a> je zam\u011b\u0159ena na firemn&iacute; stravov&aacute;n&iacute; a nach&aacute;z&iacute; se v are&aacute;lu V&yacute;zkumn&eacute;ho leteck&eacute;ho &uacute;stavu.<\/p>\n<p>Kvalita, profesion&aacute;ln\u011b odveden&aacute; pr&aacute;ce, pe\u010dliv&yacute; v&yacute;b\u011br \u010dlen\u016f t&yacute;mu, &uacute;zk&aacute; spolupr&aacute;ce s klientem a dosa\u017een&iacute; jeho maxim&aacute;ln&iacute; spokojenosti &ndash; to jsou hlavn&iacute; prvky firemn&iacute; strategie Maximum Services prol&iacute;naj&iacute;c&iacute; se v&scaron;emi poskytovan&yacute;mi slu\u017ebami.&nbsp;<\/p>","protected":false},"excerpt":{"rendered":"<p>Divize Maximum Inventory je zna\u010dka pro p\u016fj\u010dovnu invent&aacute;\u0159e a mobili&aacute;\u0159e a disponuje v&iacute;ce ne\u017e 300 polo\u017ekami gastronomick&eacute;ho vybaven&iacute; k&nbsp;okam\u017eit&eacute;mu odb\u011bru, kter&eacute; jsou k&nbsp;dispozici v&nbsp;pra\u017esk&yacute;ch skladech. Kompletn&iacute; nab&iacute;dka je uvedena zde. K&nbsp;pravideln&yacute;m z&aacute;kazn&iacute;k\u016fm pat\u0159&iacute; ji\u017e po mnoho let hotely, restaurace, korpor&aacute;tn&iacute; klienti, cateringov&eacute; spole\u010dnosti i soukrom&eacute; osoby. Invent&aacute;\u0159 a mobili&aacute;\u0159 lze poskytnout pro extern&iacute; eventy \u010di [&hellip;]<\/p>\n","protected":false},"author":1,"featured_media":0,"parent":0,"menu_order":14,"comment_status":"closed","ping_status":"closed","template":"","meta":{"footnotes":""},"class_list":["post-12","page","type-page","status-publish","hentry"],"yoast_head":"<!-- This site is optimized with the Yoast SEO plugin v27.2 - https:\/\/yoast.com\/product\/yoast-seo-wordpress\/ -->\n<title>P\u016fj\u010dovna invent\u00e1\u0159e - Maximum Services<\/title>\n<meta name=\"robots\" content=\"index, follow, max-snippet:-1, max-image-preview:large, max-video-preview:-1\" \/>\n<link rel=\"canonical\" href=\"https:\/\/maximumservices.cz\/en\/pujcovna-inventare\/\" \/>\n<meta property=\"og:locale\" content=\"en_GB\" \/>\n<meta property=\"og:type\" content=\"article\" \/>\n<meta property=\"og:title\" content=\"P\u016fj\u010dovna invent\u00e1\u0159e - Maximum Services\" \/>\n<meta property=\"og:description\" content=\"Divize Maximum Inventory je zna\u010dka pro p\u016fj\u010dovnu invent&aacute;\u0159e a mobili&aacute;\u0159e a disponuje v&iacute;ce ne\u017e 300 polo\u017ekami gastronomick&eacute;ho vybaven&iacute; k&nbsp;okam\u017eit&eacute;mu odb\u011bru, kter&eacute; jsou k&nbsp;dispozici v&nbsp;pra\u017esk&yacute;ch skladech. Kompletn&iacute; nab&iacute;dka je uvedena zde. K&nbsp;pravideln&yacute;m z&aacute;kazn&iacute;k\u016fm pat\u0159&iacute; ji\u017e po mnoho let hotely, restaurace, korpor&aacute;tn&iacute; klienti, cateringov&eacute; spole\u010dnosti i soukrom&eacute; osoby. Invent&aacute;\u0159 a mobili&aacute;\u0159 lze poskytnout pro extern&iacute; eventy \u010di [&hellip;]\" \/>\n<meta property=\"og:url\" content=\"https:\/\/maximumservices.cz\/en\/pujcovna-inventare\/\" \/>\n<meta property=\"og:site_name\" content=\"Maximum Services\" \/>\n<meta name=\"twitter:card\" content=\"summary_large_image\" \/>\n<meta name=\"twitter:label1\" content=\"Estimated reading time\" \/>\n\t<meta name=\"twitter:data1\" content=\"2 minutes\" \/>\n<script type=\"application\/ld+json\" class=\"yoast-schema-graph\">{\"@context\":\"https:\/\/schema.org\",\"@graph\":[{\"@type\":\"WebPage\",\"@id\":\"https:\/\/maximumservices.cz\/pujcovna-inventare\/\",\"url\":\"https:\/\/maximumservices.cz\/pujcovna-inventare\/\",\"name\":\"P\u016fj\u010dovna invent\u00e1\u0159e - Maximum Services\",\"isPartOf\":{\"@id\":\"https:\/\/maximumservices.cz\/#website\"},\"datePublished\":\"2016-03-16T18:25:30+00:00\",\"breadcrumb\":{\"@id\":\"https:\/\/maximumservices.cz\/pujcovna-inventare\/#breadcrumb\"},\"inLanguage\":\"en-GB\",\"potentialAction\":[{\"@type\":\"ReadAction\",\"target\":[\"https:\/\/maximumservices.cz\/pujcovna-inventare\/\"]}]},{\"@type\":\"BreadcrumbList\",\"@id\":\"https:\/\/maximumservices.cz\/pujcovna-inventare\/#breadcrumb\",\"itemListElement\":[{\"@type\":\"ListItem\",\"position\":1,\"name\":\"Home\",\"item\":\"https:\/\/maximumservices.cz\/\"},{\"@type\":\"ListItem\",\"position\":2,\"name\":\"P\u016fj\u010dovna invent\u00e1\u0159e\"}]},{\"@type\":\"WebSite\",\"@id\":\"https:\/\/maximumservices.cz\/#website\",\"url\":\"https:\/\/maximumservices.cz\/\",\"name\":\"Maximum Services\",\"description\":\"\",\"publisher\":{\"@id\":\"https:\/\/maximumservices.cz\/#organization\"},\"potentialAction\":[{\"@type\":\"SearchAction\",\"target\":{\"@type\":\"EntryPoint\",\"urlTemplate\":\"https:\/\/maximumservices.cz\/?s={search_term_string}\"},\"query-input\":{\"@type\":\"PropertyValueSpecification\",\"valueRequired\":true,\"valueName\":\"search_term_string\"}}],\"inLanguage\":\"en-GB\"},{\"@type\":\"Organization\",\"@id\":\"https:\/\/maximumservices.cz\/#organization\",\"name\":\"Maximum Services\",\"url\":\"https:\/\/maximumservices.cz\/\",\"logo\":{\"@type\":\"ImageObject\",\"inLanguage\":\"en-GB\",\"@id\":\"https:\/\/maximumservices.cz\/#\/schema\/logo\/image\/\",\"url\":\"https:\/\/maximumservices.cz\/wp-content\/uploads\/2026\/03\/services-logo.jpg\",\"contentUrl\":\"https:\/\/maximumservices.cz\/wp-content\/uploads\/2026\/03\/services-logo.jpg\",\"width\":2279,\"height\":2279,\"caption\":\"Maximum Services\"},\"image\":{\"@id\":\"https:\/\/maximumservices.cz\/#\/schema\/logo\/image\/\"}}]}<\/script>\n<!-- \/ Yoast SEO plugin. -->","yoast_head_json":{"title":"P\u016fj\u010dovna invent\u00e1\u0159e - Maximum Services","robots":{"index":"index","follow":"follow","max-snippet":"max-snippet:-1","max-image-preview":"max-image-preview:large","max-video-preview":"max-video-preview:-1"},"canonical":"https:\/\/maximumservices.cz\/en\/pujcovna-inventare\/","og_locale":"en_GB","og_type":"article","og_title":"P\u016fj\u010dovna invent\u00e1\u0159e - Maximum Services","og_description":"Divize Maximum Inventory je zna\u010dka pro p\u016fj\u010dovnu invent&aacute;\u0159e a mobili&aacute;\u0159e a disponuje v&iacute;ce ne\u017e 300 polo\u017ekami gastronomick&eacute;ho vybaven&iacute; k&nbsp;okam\u017eit&eacute;mu odb\u011bru, kter&eacute; jsou k&nbsp;dispozici v&nbsp;pra\u017esk&yacute;ch skladech. Kompletn&iacute; nab&iacute;dka je uvedena zde. K&nbsp;pravideln&yacute;m z&aacute;kazn&iacute;k\u016fm pat\u0159&iacute; ji\u017e po mnoho let hotely, restaurace, korpor&aacute;tn&iacute; klienti, cateringov&eacute; spole\u010dnosti i soukrom&eacute; osoby. Invent&aacute;\u0159 a mobili&aacute;\u0159 lze poskytnout pro extern&iacute; eventy \u010di [&hellip;]","og_url":"https:\/\/maximumservices.cz\/en\/pujcovna-inventare\/","og_site_name":"Maximum Services","twitter_card":"summary_large_image","twitter_misc":{"Estimated reading time":"2 minutes"},"schema":{"@context":"https:\/\/schema.org","@graph":[{"@type":"WebPage","@id":"https:\/\/maximumservices.cz\/pujcovna-inventare\/","url":"https:\/\/maximumservices.cz\/pujcovna-inventare\/","name":"P\u016fj\u010dovna invent\u00e1\u0159e - Maximum Services","isPartOf":{"@id":"https:\/\/maximumservices.cz\/#website"},"datePublished":"2016-03-16T18:25:30+00:00","breadcrumb":{"@id":"https:\/\/maximumservices.cz\/pujcovna-inventare\/#breadcrumb"},"inLanguage":"en-GB","potentialAction":[{"@type":"ReadAction","target":["https:\/\/maximumservices.cz\/pujcovna-inventare\/"]}]},{"@type":"BreadcrumbList","@id":"https:\/\/maximumservices.cz\/pujcovna-inventare\/#breadcrumb","itemListElement":[{"@type":"ListItem","position":1,"name":"Home","item":"https:\/\/maximumservices.cz\/"},{"@type":"ListItem","position":2,"name":"P\u016fj\u010dovna invent\u00e1\u0159e"}]},{"@type":"WebSite","@id":"https:\/\/maximumservices.cz\/#website","url":"https:\/\/maximumservices.cz\/","name":"Maximum Services","description":"","publisher":{"@id":"https:\/\/maximumservices.cz\/#organization"},"potentialAction":[{"@type":"SearchAction","target":{"@type":"EntryPoint","urlTemplate":"https:\/\/maximumservices.cz\/?s={search_term_string}"},"query-input":{"@type":"PropertyValueSpecification","valueRequired":true,"valueName":"search_term_string"}}],"inLanguage":"en-GB"},{"@type":"Organization","@id":"https:\/\/maximumservices.cz\/#organization","name":"Maximum Services","url":"https:\/\/maximumservices.cz\/","logo":{"@type":"ImageObject","inLanguage":"en-GB","@id":"https:\/\/maximumservices.cz\/#\/schema\/logo\/image\/","url":"https:\/\/maximumservices.cz\/wp-content\/uploads\/2026\/03\/services-logo.jpg","contentUrl":"https:\/\/maximumservices.cz\/wp-content\/uploads\/2026\/03\/services-logo.jpg","width":2279,"height":2279,"caption":"Maximum Services"},"image":{"@id":"https:\/\/maximumservices.cz\/#\/schema\/logo\/image\/"}}]}},"_links":{"self":[{"href":"https:\/\/maximumservices.cz\/en\/wp-json\/wp\/v2\/pages\/12","targetHints":{"allow":["GET"]}}],"collection":[{"href":"https:\/\/maximumservices.cz\/en\/wp-json\/wp\/v2\/pages"}],"about":[{"href":"https:\/\/maximumservices.cz\/en\/wp-json\/wp\/v2\/types\/page"}],"author":[{"embeddable":true,"href":"https:\/\/maximumservices.cz\/en\/wp-json\/wp\/v2\/users\/1"}],"replies":[{"embeddable":true,"href":"https:\/\/maximumservices.cz\/en\/wp-json\/wp\/v2\/comments?post=12"}],"version-history":[{"count":0,"href":"https:\/\/maximumservices.cz\/en\/wp-json\/wp\/v2\/pages\/12\/revisions"}],"wp:attachment":[{"href":"https:\/\/maximumservices.cz\/en\/wp-json\/wp\/v2\/media?parent=12"}],"curies":[{"name":"wp","href":"https:\/\/api.w.org\/{rel}","templated":true}]}}