{"id":13,"date":"2016-03-16T18:26:07","date_gmt":"2016-03-16T18:26:07","guid":{"rendered":"http:\/\/maximumservices.local\/obchodni-podminky\/"},"modified":"2026-03-26T16:33:49","modified_gmt":"2026-03-26T16:33:49","slug":"obchodni-podminky-inventar","status":"publish","type":"page","link":"https:\/\/maximumservices.cz\/en\/obchodni-podminky-inventar\/","title":{"rendered":"Obchodn\u00ed podm\u00ednky p\u016fj\u010dovny invent\u00e1\u0159e"},"content":{"rendered":"<p>Toto zn\u011bn&iacute; V&scaron;eobecn&yacute;ch obchodn&iacute;ch podm&iacute;nek pron&aacute;jmu gastronomick&eacute;ho vybaven&iacute; je ned&iacute;lnou sou\u010d&aacute;st&iacute; Smlouvy o pron&aacute;jmu gastronomick&eacute;ho vybaven&iacute;, uzav\u0159en&eacute; mezi pronaj&iacute;matelem, Vladim&iacute;rem Svobodou &#8211; MAXIMUM SERVICES, se s&iacute;dlem Praha 9, K\u0159ivokl&aacute;tsk&aacute; 527, PS\u010c 199 00, I\u010cO 71050761, DI\u010c 7707292076 a n&aacute;jemcem.<\/p>\n<ol>\n<li>P\u0159edm\u011btem n&aacute;jmu dle n&aacute;jemn&iacute; smlouvy je gastronomick&eacute; vybaven&iacute;, specifikovan&eacute; v n&aacute;jemn&iacute; smlouv\u011b, d&aacute;le ozna\u010dovan&eacute; jen jako &bdquo;vybaven&iacute;&ldquo;. Pronaj&iacute;matel prohla&scaron;uje, \u017ee pronajat&eacute; vybaven&iacute; je zp\u016fsobil&eacute; k obvykl&eacute;mu u\u017e&iacute;v&aacute;n&iacute;.<\/li>\n<li>Pronajat&eacute; vybaven&iacute; z\u016fst&aacute;v&aacute; po celou dobu pron&aacute;jmu majetkem pronaj&iacute;matele.<\/li>\n<li>N&aacute;jemn&iacute; smlouva se uzav&iacute;r&aacute; na dobu ur\u010ditou, uvedenou v n&aacute;jemn&iacute; smlouv\u011b.<\/li>\n<li>Pokud n&aacute;jemce vr&aacute;t&iacute; vybaven&iacute; pozd\u011bji ne\u017e do 12 hodin dne n&aacute;sleduj&iacute;c&iacute;ho po dni skon\u010den&iacute; n&aacute;jmu dle n&aacute;jemn&iacute; smlouvy, je toto pova\u017eov&aacute;no za podstatn&eacute; poru&scaron;en&iacute; n&aacute;jemn&iacute; smlouvy a n&aacute;jemce je v takov&eacute;m p\u0159&iacute;pad\u011b povinen platit n&aacute;jemn&eacute; v pln&eacute; v&yacute;&scaron;i s p\u0159ir&aacute;\u017ekou ve v&yacute;&scaron;i 100 % za ka\u017ed&yacute; i zapo\u010dat&yacute; den.<\/li>\n<li>Za pron&aacute;jem vybaven&iacute; je n&aacute;jemce povinen uhradit pronaj&iacute;mateli n&aacute;jemn&eacute; dle p\u0159&iacute;slu&scaron;n&eacute;ho cen&iacute;ku pronaj&iacute;matele (nebo dle individu&aacute;ln\u011b domluven&eacute; ceny), platn&eacute;ho ke dni uzav\u0159en&iacute; n&aacute;jemn&iacute; smlouvy. N&aacute;jemn&eacute; se hrad&iacute; za ka\u017ed&yacute; den pron&aacute;jmu vybaven&iacute; (jedn&iacute;m dnem se rozum&iacute; doba 24 hodin od okam\u017eiku p\u0159ed&aacute;n&iacute; a p\u0159evzet&iacute; zbo\u017e&iacute;) s v&yacute;jimkou dne, v n\u011bm\u017e bylo vybaven&iacute; p\u0159ed&aacute;no n&aacute;jemci, stalo-li se tak po 12 hod. N&aacute;jemn&eacute; za celou sjednanou dobu uhrad&iacute; n&aacute;jemce, pronaj&iacute;mateli p\u0159edem p\u0159i uzav\u0159en&iacute; smlouvy (nen&iacute;-li domluveno jinak).<\/li>\n<li>Vr&aacute;cen&eacute; pr&aacute;dlo pronaj&iacute;matel posoud&iacute; po n&aacute;vratu z pr&aacute;delny. Vyskytuj&iacute;-li se na n\u011bm neodstraniteln&eacute; skvrny \u010di je roztr\u017eeno, je opr&aacute;vn\u011bn po&scaron;kozen&eacute; pr&aacute;dlo vr&aacute;tit n&aacute;jemci. V takov&eacute;m p\u0159&iacute;pad\u011b se postupuje jako p\u0159i jeho ztr&aacute;t\u011b.<\/li>\n<li>P\u0159&iacute; uzav\u0159en&iacute; n&aacute;jemn&iacute; smlouvy je n&aacute;jemce povinen slo\u017eit u pronaj&iacute;matele z&aacute;lohu ve v&yacute;&scaron;i dle p\u0159&iacute;slu&scaron;n&eacute;ho cen&iacute;ku pronaj&iacute;matele (nen&iacute;-li domluveno jinak), platn&eacute;ho ke dni uzav\u0159en&iacute; smlouvy. Pronaj&iacute;matel tuto z&aacute;lohu vr&aacute;t&iacute; n&aacute;jemci, jestli\u017ee n&aacute;jemce spln&iacute; ve&scaron;ker&eacute; povinnosti stanoven&eacute; n&aacute;jemn&iacute; smlouvou, zejm&eacute;na vr&aacute;t&iacute;-li pronaj&iacute;mateli v dohodnut&eacute; dob\u011b nepo&scaron;kozen&eacute; vybaven&iacute;. Pronaj&iacute;matel je opr&aacute;vn\u011bn zapo\u010d&iacute;st v\u016f\u010di slo\u017een&eacute; z&aacute;loze ve&scaron;ker&eacute; sv&eacute; pen\u011b\u017e&iacute;te pohled&aacute;vky za n&aacute;jemce, vypl&yacute;vaj&iacute;c&iacute; z uzav\u0159en&eacute; n&aacute;jemn&iacute; smlouvy.<\/li>\n<li>N&aacute;jemce je opr&aacute;vn\u011bn u\u017e&iacute;vat vybaven&iacute; pouze k &uacute;\u010delu, k n\u011bmu\u017e je v&yacute;robcem ur\u010deno.<\/li>\n<li>N&aacute;jemce nen&iacute; opr&aacute;vn\u011bn d&aacute;le pronaj&iacute;mat zap\u016fj\u010dit \u010di p\u0159enechat k u\u017e&iacute;v&aacute;n&iacute; p\u016fj\u010den&eacute; vybaven&iacute; jin&yacute;m pr&aacute;vnick&yacute;m nebo fyzick&yacute;m osob&aacute;m.<\/li>\n<li>N&aacute;jemce odpov&iacute;d&aacute; za &scaron;kody, vznikl&eacute; na pronajat&eacute;m vybaven&iacute;. Podpisem potvrzen&iacute; o p\u0159evzet&iacute; vybaven&iacute; n&aacute;jemce z&aacute;rove\u0148 potvrzuje, \u017ee p\u0159evzal vybaven&iacute; ve stavu zp\u016fsobil&eacute;m k obvykl&eacute;mu u\u017e&iacute;v&aacute;n&iacute; a \u017ee byl pou\u010den o zp\u016fsobu jeho u\u017e&iacute;v&aacute;n&iacute;.<\/li>\n<li>N&aacute;jemce nen&iacute; opr&aacute;vn\u011bn prov&aacute;d\u011bt na pronajat&eacute;m vybaven&iacute; jak&eacute;koli zm\u011bny \u010di &uacute;pravy.<\/li>\n<li>Poru&scaron;en&iacute; n\u011bkter&eacute; z povinnost&iacute; uveden&yacute;ch v \u010dl. 4, 5, 8, 9 a 11 t\u011bchto obchodn&iacute;ch podm&iacute;nek je pova\u017eov&aacute;no za podstatn&eacute; poru&scaron;en&iacute; n&aacute;jemn&iacute; smlouvy.<\/li>\n<li>Cena za dopravu zahrnuje pouze vylo\u017een&iacute; vybaven&iacute; z auta na chodn&iacute;k, dal&scaron;&iacute; st\u011bhov&aacute;n&iacute; \u010di instalace do p\u0159ilehl&yacute;ch prostor se \u0159e&scaron;&iacute; individu&aacute;ln\u011b a za p\u0159&iacute;platek.<\/li>\n<li>N&aacute;jemce sv&yacute;m podpisem n&aacute;jemn&iacute; smlouvy potvrzuje, \u017ee:\n<ul>\n<li>je srozum\u011bn s t&iacute;m, \u017ee v p\u0159&iacute;pad\u011b prodlen&iacute; s vr&aacute;cen&iacute;m pronajat&eacute;ho vybaven&iacute; je pronaj&iacute;matel opr&aacute;vn\u011bn bez dal&scaron;&iacute;ho dom&aacute;hat se jeho vyd&aacute;n&iacute; cestou ob\u010dansk&eacute;ho soudn&iacute;ho \u0159&iacute;zen&iacute; a p\u0159&iacute;padn\u011b trestn&iacute;ho \u0159&iacute;zen&iacute;;<\/li>\n<li>v p\u0159&iacute;pad\u011b ztr&aacute;ty \u010di po&scaron;kozen&iacute; uhrad&iacute; plnou po\u0159izovac&iacute; \u010d&aacute;stku nebo opravu p\u0159edm\u011btu ihned a v hotovosti;<\/li>\n<li>ud\u011bluje pronaj&iacute;mateli souhlas s t&iacute;m, aby shroma\u017e\u010foval a zpracov&aacute;val ve smyslu z&aacute;kona \u010d.101\/2000 Sb., o ochran\u011b osobn&iacute;ch &uacute;daj\u016f, osobn&iacute; &uacute;daje n&aacute;jemce, uveden&eacute; v n&aacute;jemn&iacute; smlouv\u011b, a to v&yacute;hradn\u011b pro &uacute;\u010dely jeho vlastn&iacute; podnikatelsk&eacute; \u010dinnosti a evidence z&aacute;kazn&iacute;k\u016f;<\/li>\n<li>ve&scaron;ker&eacute; &uacute;daje j&iacute;m poskytnut&eacute; pro &uacute;\u010dely uzav\u0159en&iacute; n&aacute;jemn&iacute; smlouvy jsou pravdiv&eacute;;<\/li>\n<li>p\u0159evzal tyto V&scaron;eobecn&eacute; obchodn&iacute; podm&iacute;nky pron&aacute;jmu gastronomick&eacute;ho vybaven&iacute; jako\u017eto ned&iacute;lnou sou\u010d&aacute;st n&aacute;jemn&iacute; smlouvy a \u017ee s t\u011bmito podm&iacute;nkami bez v&yacute;hrad souhlas&iacute;.<\/li>\n<\/ul>\n<\/li>\n<li>V z&aacute;le\u017eitostech, kter&eacute; nejsou n&aacute;jemn&iacute; smlouvou s t\u011bmito podm&iacute;nkami v&yacute;slovn\u011b upraveny, se n&aacute;jemn&iacute; vztah \u0159&iacute;d&iacute; p\u0159&iacute;slu&scaron;n&yacute;mi ustanoven&iacute;mi platn&yacute;ch pr&aacute;vn&iacute;ch p\u0159edpis\u016f \u010cesk&eacute; republiky.<\/li>\n<\/ol>","protected":false},"excerpt":{"rendered":"<p>Toto zn\u011bn&iacute; V&scaron;eobecn&yacute;ch obchodn&iacute;ch podm&iacute;nek pron&aacute;jmu gastronomick&eacute;ho vybaven&iacute; je ned&iacute;lnou sou\u010d&aacute;st&iacute; Smlouvy o pron&aacute;jmu gastronomick&eacute;ho vybaven&iacute;, uzav\u0159en&eacute; mezi pronaj&iacute;matelem, Vladim&iacute;rem Svobodou &#8211; MAXIMUM SERVICES, se s&iacute;dlem Praha 9, K\u0159ivokl&aacute;tsk&aacute; 527, PS\u010c 199 00, I\u010cO 71050761, DI\u010c 7707292076 a n&aacute;jemcem. P\u0159edm\u011btem n&aacute;jmu dle n&aacute;jemn&iacute; smlouvy je gastronomick&eacute; vybaven&iacute;, specifikovan&eacute; v n&aacute;jemn&iacute; smlouv\u011b, d&aacute;le ozna\u010dovan&eacute; jen jako [&hellip;]<\/p>\n","protected":false},"author":1,"featured_media":0,"parent":0,"menu_order":13,"comment_status":"closed","ping_status":"closed","template":"","meta":{"footnotes":""},"class_list":["post-13","page","type-page","status-publish","hentry"],"yoast_head":"<!-- This site is optimized with the Yoast SEO plugin v27.2 - https:\/\/yoast.com\/product\/yoast-seo-wordpress\/ -->\n<title>Obchodn\u00ed podm\u00ednky p\u016fj\u010dovny invent\u00e1\u0159e - Maximum Services<\/title>\n<meta name=\"robots\" content=\"index, follow, max-snippet:-1, max-image-preview:large, max-video-preview:-1\" \/>\n<link rel=\"canonical\" href=\"https:\/\/maximumservices.cz\/en\/obchodni-podminky-inventar\/\" \/>\n<meta property=\"og:locale\" content=\"en_GB\" \/>\n<meta property=\"og:type\" content=\"article\" \/>\n<meta property=\"og:title\" content=\"Obchodn\u00ed podm\u00ednky p\u016fj\u010dovny invent\u00e1\u0159e - Maximum Services\" \/>\n<meta property=\"og:description\" content=\"Toto zn\u011bn&iacute; V&scaron;eobecn&yacute;ch obchodn&iacute;ch podm&iacute;nek pron&aacute;jmu gastronomick&eacute;ho vybaven&iacute; je ned&iacute;lnou sou\u010d&aacute;st&iacute; Smlouvy o pron&aacute;jmu gastronomick&eacute;ho vybaven&iacute;, uzav\u0159en&eacute; mezi pronaj&iacute;matelem, Vladim&iacute;rem Svobodou &#8211; MAXIMUM SERVICES, se s&iacute;dlem Praha 9, K\u0159ivokl&aacute;tsk&aacute; 527, PS\u010c 199 00, I\u010cO 71050761, DI\u010c 7707292076 a n&aacute;jemcem. P\u0159edm\u011btem n&aacute;jmu dle n&aacute;jemn&iacute; smlouvy je gastronomick&eacute; vybaven&iacute;, specifikovan&eacute; v n&aacute;jemn&iacute; smlouv\u011b, d&aacute;le ozna\u010dovan&eacute; jen jako [&hellip;]\" \/>\n<meta property=\"og:url\" content=\"https:\/\/maximumservices.cz\/en\/obchodni-podminky-inventar\/\" \/>\n<meta property=\"og:site_name\" content=\"Maximum Services\" \/>\n<meta property=\"article:modified_time\" content=\"2026-03-26T16:33:49+00:00\" \/>\n<meta name=\"twitter:card\" content=\"summary_large_image\" \/>\n<meta name=\"twitter:label1\" content=\"Estimated reading time\" \/>\n\t<meta name=\"twitter:data1\" content=\"6 minutes\" \/>\n<script type=\"application\/ld+json\" class=\"yoast-schema-graph\">{\"@context\":\"https:\/\/schema.org\",\"@graph\":[{\"@type\":\"WebPage\",\"@id\":\"https:\/\/maximumservices.cz\/obchodni-podminky-inventar\/\",\"url\":\"https:\/\/maximumservices.cz\/obchodni-podminky-inventar\/\",\"name\":\"Obchodn\u00ed podm\u00ednky p\u016fj\u010dovny invent\u00e1\u0159e - Maximum Services\",\"isPartOf\":{\"@id\":\"https:\/\/maximumservices.cz\/#website\"},\"datePublished\":\"2016-03-16T18:26:07+00:00\",\"dateModified\":\"2026-03-26T16:33:49+00:00\",\"breadcrumb\":{\"@id\":\"https:\/\/maximumservices.cz\/obchodni-podminky-inventar\/#breadcrumb\"},\"inLanguage\":\"en-GB\",\"potentialAction\":[{\"@type\":\"ReadAction\",\"target\":[\"https:\/\/maximumservices.cz\/obchodni-podminky-inventar\/\"]}]},{\"@type\":\"BreadcrumbList\",\"@id\":\"https:\/\/maximumservices.cz\/obchodni-podminky-inventar\/#breadcrumb\",\"itemListElement\":[{\"@type\":\"ListItem\",\"position\":1,\"name\":\"Home\",\"item\":\"https:\/\/maximumservices.cz\/\"},{\"@type\":\"ListItem\",\"position\":2,\"name\":\"Obchodn\u00ed podm\u00ednky p\u016fj\u010dovny invent\u00e1\u0159e\"}]},{\"@type\":\"WebSite\",\"@id\":\"https:\/\/maximumservices.cz\/#website\",\"url\":\"https:\/\/maximumservices.cz\/\",\"name\":\"Maximum Services\",\"description\":\"\",\"publisher\":{\"@id\":\"https:\/\/maximumservices.cz\/#organization\"},\"potentialAction\":[{\"@type\":\"SearchAction\",\"target\":{\"@type\":\"EntryPoint\",\"urlTemplate\":\"https:\/\/maximumservices.cz\/?s={search_term_string}\"},\"query-input\":{\"@type\":\"PropertyValueSpecification\",\"valueRequired\":true,\"valueName\":\"search_term_string\"}}],\"inLanguage\":\"en-GB\"},{\"@type\":\"Organization\",\"@id\":\"https:\/\/maximumservices.cz\/#organization\",\"name\":\"Maximum Services\",\"url\":\"https:\/\/maximumservices.cz\/\",\"logo\":{\"@type\":\"ImageObject\",\"inLanguage\":\"en-GB\",\"@id\":\"https:\/\/maximumservices.cz\/#\/schema\/logo\/image\/\",\"url\":\"https:\/\/maximumservices.cz\/wp-content\/uploads\/2026\/03\/services-logo.jpg\",\"contentUrl\":\"https:\/\/maximumservices.cz\/wp-content\/uploads\/2026\/03\/services-logo.jpg\",\"width\":2279,\"height\":2279,\"caption\":\"Maximum Services\"},\"image\":{\"@id\":\"https:\/\/maximumservices.cz\/#\/schema\/logo\/image\/\"}}]}<\/script>\n<!-- \/ Yoast SEO plugin. -->","yoast_head_json":{"title":"Obchodn\u00ed podm\u00ednky p\u016fj\u010dovny invent\u00e1\u0159e - Maximum Services","robots":{"index":"index","follow":"follow","max-snippet":"max-snippet:-1","max-image-preview":"max-image-preview:large","max-video-preview":"max-video-preview:-1"},"canonical":"https:\/\/maximumservices.cz\/en\/obchodni-podminky-inventar\/","og_locale":"en_GB","og_type":"article","og_title":"Obchodn\u00ed podm\u00ednky p\u016fj\u010dovny invent\u00e1\u0159e - Maximum Services","og_description":"Toto zn\u011bn&iacute; V&scaron;eobecn&yacute;ch obchodn&iacute;ch podm&iacute;nek pron&aacute;jmu gastronomick&eacute;ho vybaven&iacute; je ned&iacute;lnou sou\u010d&aacute;st&iacute; Smlouvy o pron&aacute;jmu gastronomick&eacute;ho vybaven&iacute;, uzav\u0159en&eacute; mezi pronaj&iacute;matelem, Vladim&iacute;rem Svobodou &#8211; MAXIMUM SERVICES, se s&iacute;dlem Praha 9, K\u0159ivokl&aacute;tsk&aacute; 527, PS\u010c 199 00, I\u010cO 71050761, DI\u010c 7707292076 a n&aacute;jemcem. P\u0159edm\u011btem n&aacute;jmu dle n&aacute;jemn&iacute; smlouvy je gastronomick&eacute; vybaven&iacute;, specifikovan&eacute; v n&aacute;jemn&iacute; smlouv\u011b, d&aacute;le ozna\u010dovan&eacute; jen jako [&hellip;]","og_url":"https:\/\/maximumservices.cz\/en\/obchodni-podminky-inventar\/","og_site_name":"Maximum Services","article_modified_time":"2026-03-26T16:33:49+00:00","twitter_card":"summary_large_image","twitter_misc":{"Estimated reading time":"6 minutes"},"schema":{"@context":"https:\/\/schema.org","@graph":[{"@type":"WebPage","@id":"https:\/\/maximumservices.cz\/obchodni-podminky-inventar\/","url":"https:\/\/maximumservices.cz\/obchodni-podminky-inventar\/","name":"Obchodn\u00ed podm\u00ednky p\u016fj\u010dovny invent\u00e1\u0159e - Maximum Services","isPartOf":{"@id":"https:\/\/maximumservices.cz\/#website"},"datePublished":"2016-03-16T18:26:07+00:00","dateModified":"2026-03-26T16:33:49+00:00","breadcrumb":{"@id":"https:\/\/maximumservices.cz\/obchodni-podminky-inventar\/#breadcrumb"},"inLanguage":"en-GB","potentialAction":[{"@type":"ReadAction","target":["https:\/\/maximumservices.cz\/obchodni-podminky-inventar\/"]}]},{"@type":"BreadcrumbList","@id":"https:\/\/maximumservices.cz\/obchodni-podminky-inventar\/#breadcrumb","itemListElement":[{"@type":"ListItem","position":1,"name":"Home","item":"https:\/\/maximumservices.cz\/"},{"@type":"ListItem","position":2,"name":"Obchodn\u00ed podm\u00ednky p\u016fj\u010dovny invent\u00e1\u0159e"}]},{"@type":"WebSite","@id":"https:\/\/maximumservices.cz\/#website","url":"https:\/\/maximumservices.cz\/","name":"Maximum Services","description":"","publisher":{"@id":"https:\/\/maximumservices.cz\/#organization"},"potentialAction":[{"@type":"SearchAction","target":{"@type":"EntryPoint","urlTemplate":"https:\/\/maximumservices.cz\/?s={search_term_string}"},"query-input":{"@type":"PropertyValueSpecification","valueRequired":true,"valueName":"search_term_string"}}],"inLanguage":"en-GB"},{"@type":"Organization","@id":"https:\/\/maximumservices.cz\/#organization","name":"Maximum Services","url":"https:\/\/maximumservices.cz\/","logo":{"@type":"ImageObject","inLanguage":"en-GB","@id":"https:\/\/maximumservices.cz\/#\/schema\/logo\/image\/","url":"https:\/\/maximumservices.cz\/wp-content\/uploads\/2026\/03\/services-logo.jpg","contentUrl":"https:\/\/maximumservices.cz\/wp-content\/uploads\/2026\/03\/services-logo.jpg","width":2279,"height":2279,"caption":"Maximum Services"},"image":{"@id":"https:\/\/maximumservices.cz\/#\/schema\/logo\/image\/"}}]}},"_links":{"self":[{"href":"https:\/\/maximumservices.cz\/en\/wp-json\/wp\/v2\/pages\/13","targetHints":{"allow":["GET"]}}],"collection":[{"href":"https:\/\/maximumservices.cz\/en\/wp-json\/wp\/v2\/pages"}],"about":[{"href":"https:\/\/maximumservices.cz\/en\/wp-json\/wp\/v2\/types\/page"}],"author":[{"embeddable":true,"href":"https:\/\/maximumservices.cz\/en\/wp-json\/wp\/v2\/users\/1"}],"replies":[{"embeddable":true,"href":"https:\/\/maximumservices.cz\/en\/wp-json\/wp\/v2\/comments?post=13"}],"version-history":[{"count":1,"href":"https:\/\/maximumservices.cz\/en\/wp-json\/wp\/v2\/pages\/13\/revisions"}],"predecessor-version":[{"id":570,"href":"https:\/\/maximumservices.cz\/en\/wp-json\/wp\/v2\/pages\/13\/revisions\/570"}],"wp:attachment":[{"href":"https:\/\/maximumservices.cz\/en\/wp-json\/wp\/v2\/media?parent=13"}],"curies":[{"name":"wp","href":"https:\/\/api.w.org\/{rel}","templated":true}]}}