{"id":14,"date":"2016-03-16T18:39:26","date_gmt":"2016-03-16T18:39:26","guid":{"rendered":"http:\/\/maximumservices.local\/maximum-inventory\/"},"modified":"2016-03-16T18:39:26","modified_gmt":"2016-03-16T18:39:26","slug":"maximum-inventory","status":"publish","type":"page","link":"https:\/\/maximumservices.cz\/en\/maximum-inventory\/","title":{"rendered":"Maximum Inventory"},"content":{"rendered":"<p>Company Maximum Services operating on the Czech market for the past fifteen years is an ideal partner for organizing your event. Besides our professional team providing full-service catering for any event type our company offers wide range of inventory and furniture pieces for rent.<\/p>\n<p>More than 300 items in perfect condition including porcelain, glass, textile, cutlery, kitchen and restaurant equipment are ready in our Prague warehouse for immediate delivery. Moreover Maximum Inventory team helps you with building visual concept of your event and creating proposal of interior design with suitable furniture pieces and inventory within chosen color palette.<\/p>\n<p>Companies such as &Scaron;KODA AUTO, \u010cesk&aacute; Spo\u0159itelna, Oracle, Bosch, PVA Let\u0148any, L&#8217;Or&eacute;al, PRE, Honda Motorcycles, GE Aviation, Quix, Fintherm, Czech Architecture Week, Divadlo Bez z&aacute;bradl&iacute; and Srdce na dlani belong amongst our satisfied clients.<\/p>","protected":false},"excerpt":{"rendered":"<p>Company Maximum Services operating on the Czech market for the past fifteen years is an ideal partner for organizing your event. Besides our professional team providing full-service catering for any event type our company offers wide range of inventory and furniture pieces for rent. More than 300 items in perfect condition including porcelain, glass, textile, [&hellip;]<\/p>\n","protected":false},"author":1,"featured_media":0,"parent":0,"menu_order":12,"comment_status":"closed","ping_status":"closed","template":"","meta":{"footnotes":""},"class_list":["post-14","page","type-page","status-publish","hentry"],"yoast_head":"<!-- This site is optimized with the Yoast SEO plugin v27.2 - https:\/\/yoast.com\/product\/yoast-seo-wordpress\/ -->\n<title>Maximum Inventory - Maximum Services<\/title>\n<meta name=\"robots\" content=\"index, follow, max-snippet:-1, max-image-preview:large, max-video-preview:-1\" \/>\n<link rel=\"canonical\" href=\"https:\/\/maximumservices.cz\/en\/maximum-inventory\/\" \/>\n<meta property=\"og:locale\" content=\"en_GB\" \/>\n<meta property=\"og:type\" content=\"article\" \/>\n<meta property=\"og:title\" content=\"Maximum Inventory - Maximum Services\" \/>\n<meta property=\"og:description\" content=\"Company Maximum Services operating on the Czech market for the past fifteen years is an ideal partner for organizing your event. Besides our professional team providing full-service catering for any event type our company offers wide range of inventory and furniture pieces for rent. More than 300 items in perfect condition including porcelain, glass, textile, [&hellip;]\" \/>\n<meta property=\"og:url\" content=\"https:\/\/maximumservices.cz\/en\/maximum-inventory\/\" \/>\n<meta property=\"og:site_name\" content=\"Maximum Services\" \/>\n<meta name=\"twitter:card\" content=\"summary_large_image\" \/>\n<meta name=\"twitter:label1\" content=\"Estimated reading time\" \/>\n\t<meta name=\"twitter:data1\" content=\"1 minute\" \/>\n<script type=\"application\/ld+json\" class=\"yoast-schema-graph\">{\"@context\":\"https:\/\/schema.org\",\"@graph\":[{\"@type\":\"WebPage\",\"@id\":\"https:\/\/maximumservices.cz\/maximum-inventory\/\",\"url\":\"https:\/\/maximumservices.cz\/maximum-inventory\/\",\"name\":\"Maximum Inventory - Maximum Services\",\"isPartOf\":{\"@id\":\"https:\/\/maximumservices.cz\/#website\"},\"datePublished\":\"2016-03-16T18:39:26+00:00\",\"breadcrumb\":{\"@id\":\"https:\/\/maximumservices.cz\/maximum-inventory\/#breadcrumb\"},\"inLanguage\":\"en-GB\",\"potentialAction\":[{\"@type\":\"ReadAction\",\"target\":[\"https:\/\/maximumservices.cz\/maximum-inventory\/\"]}]},{\"@type\":\"BreadcrumbList\",\"@id\":\"https:\/\/maximumservices.cz\/maximum-inventory\/#breadcrumb\",\"itemListElement\":[{\"@type\":\"ListItem\",\"position\":1,\"name\":\"Home\",\"item\":\"https:\/\/maximumservices.cz\/\"},{\"@type\":\"ListItem\",\"position\":2,\"name\":\"Maximum Inventory\"}]},{\"@type\":\"WebSite\",\"@id\":\"https:\/\/maximumservices.cz\/#website\",\"url\":\"https:\/\/maximumservices.cz\/\",\"name\":\"Maximum Services\",\"description\":\"\",\"publisher\":{\"@id\":\"https:\/\/maximumservices.cz\/#organization\"},\"potentialAction\":[{\"@type\":\"SearchAction\",\"target\":{\"@type\":\"EntryPoint\",\"urlTemplate\":\"https:\/\/maximumservices.cz\/?s={search_term_string}\"},\"query-input\":{\"@type\":\"PropertyValueSpecification\",\"valueRequired\":true,\"valueName\":\"search_term_string\"}}],\"inLanguage\":\"en-GB\"},{\"@type\":\"Organization\",\"@id\":\"https:\/\/maximumservices.cz\/#organization\",\"name\":\"Maximum Services\",\"url\":\"https:\/\/maximumservices.cz\/\",\"logo\":{\"@type\":\"ImageObject\",\"inLanguage\":\"en-GB\",\"@id\":\"https:\/\/maximumservices.cz\/#\/schema\/logo\/image\/\",\"url\":\"https:\/\/maximumservices.cz\/wp-content\/uploads\/2026\/03\/services-logo.jpg\",\"contentUrl\":\"https:\/\/maximumservices.cz\/wp-content\/uploads\/2026\/03\/services-logo.jpg\",\"width\":2279,\"height\":2279,\"caption\":\"Maximum Services\"},\"image\":{\"@id\":\"https:\/\/maximumservices.cz\/#\/schema\/logo\/image\/\"}}]}<\/script>\n<!-- \/ Yoast SEO plugin. -->","yoast_head_json":{"title":"Maximum Inventory - Maximum Services","robots":{"index":"index","follow":"follow","max-snippet":"max-snippet:-1","max-image-preview":"max-image-preview:large","max-video-preview":"max-video-preview:-1"},"canonical":"https:\/\/maximumservices.cz\/en\/maximum-inventory\/","og_locale":"en_GB","og_type":"article","og_title":"Maximum Inventory - Maximum Services","og_description":"Company Maximum Services operating on the Czech market for the past fifteen years is an ideal partner for organizing your event. Besides our professional team providing full-service catering for any event type our company offers wide range of inventory and furniture pieces for rent. More than 300 items in perfect condition including porcelain, glass, textile, [&hellip;]","og_url":"https:\/\/maximumservices.cz\/en\/maximum-inventory\/","og_site_name":"Maximum Services","twitter_card":"summary_large_image","twitter_misc":{"Estimated reading time":"1 minute"},"schema":{"@context":"https:\/\/schema.org","@graph":[{"@type":"WebPage","@id":"https:\/\/maximumservices.cz\/maximum-inventory\/","url":"https:\/\/maximumservices.cz\/maximum-inventory\/","name":"Maximum Inventory - Maximum Services","isPartOf":{"@id":"https:\/\/maximumservices.cz\/#website"},"datePublished":"2016-03-16T18:39:26+00:00","breadcrumb":{"@id":"https:\/\/maximumservices.cz\/maximum-inventory\/#breadcrumb"},"inLanguage":"en-GB","potentialAction":[{"@type":"ReadAction","target":["https:\/\/maximumservices.cz\/maximum-inventory\/"]}]},{"@type":"BreadcrumbList","@id":"https:\/\/maximumservices.cz\/maximum-inventory\/#breadcrumb","itemListElement":[{"@type":"ListItem","position":1,"name":"Home","item":"https:\/\/maximumservices.cz\/"},{"@type":"ListItem","position":2,"name":"Maximum Inventory"}]},{"@type":"WebSite","@id":"https:\/\/maximumservices.cz\/#website","url":"https:\/\/maximumservices.cz\/","name":"Maximum Services","description":"","publisher":{"@id":"https:\/\/maximumservices.cz\/#organization"},"potentialAction":[{"@type":"SearchAction","target":{"@type":"EntryPoint","urlTemplate":"https:\/\/maximumservices.cz\/?s={search_term_string}"},"query-input":{"@type":"PropertyValueSpecification","valueRequired":true,"valueName":"search_term_string"}}],"inLanguage":"en-GB"},{"@type":"Organization","@id":"https:\/\/maximumservices.cz\/#organization","name":"Maximum Services","url":"https:\/\/maximumservices.cz\/","logo":{"@type":"ImageObject","inLanguage":"en-GB","@id":"https:\/\/maximumservices.cz\/#\/schema\/logo\/image\/","url":"https:\/\/maximumservices.cz\/wp-content\/uploads\/2026\/03\/services-logo.jpg","contentUrl":"https:\/\/maximumservices.cz\/wp-content\/uploads\/2026\/03\/services-logo.jpg","width":2279,"height":2279,"caption":"Maximum Services"},"image":{"@id":"https:\/\/maximumservices.cz\/#\/schema\/logo\/image\/"}}]}},"_links":{"self":[{"href":"https:\/\/maximumservices.cz\/en\/wp-json\/wp\/v2\/pages\/14","targetHints":{"allow":["GET"]}}],"collection":[{"href":"https:\/\/maximumservices.cz\/en\/wp-json\/wp\/v2\/pages"}],"about":[{"href":"https:\/\/maximumservices.cz\/en\/wp-json\/wp\/v2\/types\/page"}],"author":[{"embeddable":true,"href":"https:\/\/maximumservices.cz\/en\/wp-json\/wp\/v2\/users\/1"}],"replies":[{"embeddable":true,"href":"https:\/\/maximumservices.cz\/en\/wp-json\/wp\/v2\/comments?post=14"}],"version-history":[{"count":0,"href":"https:\/\/maximumservices.cz\/en\/wp-json\/wp\/v2\/pages\/14\/revisions"}],"wp:attachment":[{"href":"https:\/\/maximumservices.cz\/en\/wp-json\/wp\/v2\/media?parent=14"}],"curies":[{"name":"wp","href":"https:\/\/api.w.org\/{rel}","templated":true}]}}