{"id":2,"date":"2016-03-12T17:37:28","date_gmt":"2016-03-12T17:37:28","guid":{"rendered":"http:\/\/maximumservices.local\/cz-main\/"},"modified":"2026-03-31T11:13:23","modified_gmt":"2026-03-31T11:13:23","slug":"domu","status":"publish","type":"page","link":"https:\/\/maximumservices.cz\/en\/","title":{"rendered":"Dom\u016f"},"content":{"rendered":"<p><span style=\"color: #58595b; font-family: Equip-Light; font-size: 14px; line-height: 22px; text-align: justify;\">Maximum Services, spole\u010dnost s patn\u00e1ctiletou tradic\u00ed zam\u011b\u0159uj\u00edc\u00ed se na catering a pohostinstv\u00ed, nab\u00edz\u00ed sv\u00fdm klient\u016fm v r\u00e1mci \u010desk\u00e9ho i mezin\u00e1rodn\u00edho trhu komplexn\u00ed servis, profesion\u00e1ln\u00ed p\u0159\u00edstup a prvot\u0159\u00eddn\u00ed slu\u017eby \u0161irok\u00e9ho spektra. V r\u00e1mci firemn\u00edho eventu, gala ve\u010de\u0159e, koktejlu, konference, kongresu, banketu \u010di svatby p\u0159iprav\u00ed n\u00e1\u0161 t\u00fdm&nbsp;<\/span><a style=\"color: #58595b; font-family: Equip-Light; font-size: 14px; line-height: 22px; text-align: justify; background: transparent;\" href=\"https:\/\/maximumservices.cz\/en\/catering\/o-nas\/\">Maximum Catering<\/a><span style=\"color: #58595b; font-family: Equip-Light; font-size: 14px; line-height: 22px; text-align: justify;\">&nbsp;Va\u0161im host\u016fm jedine\u010dn\u00fd gastronomick\u00fd z\u00e1\u017eitek. Na z\u00e1klad\u011b Va\u0161ich p\u0159\u00e1n\u00ed a mo\u017enost\u00ed V\u00e1m navrhneme koncept cateringu cel\u00e9 akce, zajist\u00edme vhodnou lokalitu, doprovodn\u00fd program a tak\u00e9 zku\u0161en\u00fd t\u00fdm zahrnuj\u00edc\u00ed mana\u017eery i v\u017edy usm\u00edvaj\u00edc\u00ed se obsluhu. Samoz\u0159ejmost\u00ed je poskytnut\u00ed poradenstv\u00ed b\u011bhem p\u0159\u00edprav i supervize cateringu b\u011bhem akce samotn\u00e9. Na\u0161im velk\u00fdm p\u0159\u00ednosem je mimo jin\u00e9 st\u00e1vaj\u00edc\u00ed&nbsp;<\/span><a style=\"color: #58595b; font-family: Equip-Light; font-size: 14px; line-height: 22px; text-align: justify; background: transparent;\" title=\"Maximum Inventory - p\u016fj\u010dovna invent\u00e1\u0159e\" href=\"https:\/\/maximumservices.cz\/en\/pujcovna-inventare\/o-nas\/\">p\u016fj\u010dovna invent\u00e1\u0159e a mobili\u00e1\u0159e<\/a><span style=\"color: #58595b; font-family: Equip-Light; font-size: 14px; line-height: 22px; text-align: justify;\">&nbsp;funguj\u00edc\u00ed pod zna\u010dkou<\/span><a style=\"color: #58595b; font-family: Equip-Light; font-size: 14px; line-height: 22px; text-align: justify; background: transparent;\" title=\"Maximum Inventory - p\u016fj\u010dovna invent\u00e1\u0159e\" href=\"https:\/\/maximumservices.cz\/en\/pujcovna-inventare\/o-nas\/\">Maximum Inventory<\/a><span style=\"color: #58595b; font-family: Equip-Light; font-size: 14px; line-height: 22px; text-align: justify;\">. V na\u0161ich pra\u017esk\u00fdch skladech najdete v\u00edce ne\u017e 300 polo\u017eek gastronomick\u00e9ho vybaven\u00ed k okam\u017eit\u00e9mu odb\u011bru. P\u016fj\u010dovnu zahrnuj\u00edc\u00ed porcel\u00e1n, sklo, p\u0159\u00edbory, textil a dal\u0161\u00ed invent\u00e1\u0159 restaura\u010dn\u00edho a barov\u00e9ho vybaven\u00ed vyu\u017e\u00edv\u00e1 pravideln\u011b velk\u00e1 \u010d\u00e1st na\u0161ich dlouholet\u00fdch klient\u016f, jak pro sv\u00e9 velk\u00e9 korpor\u00e1tn\u00ed akce, tak pro men\u0161\u00ed firemn\u00ed a soukrom\u00e1 setk\u00e1n\u00ed. Invent\u00e1\u0159 a mobili\u00e1\u0159 lze poskytnout pro eventy extern\u00ed \u010di akce po\u0159\u00e1dan\u00e9 v prostor\u00e1ch Maximum Restaurants, mezi kter\u00e9 se \u0159ad\u00ed n\u00e1mi provozovan\u00e9&nbsp;<\/span><a style=\"color: #58595b; font-family: Equip-Light; font-size: 14px; line-height: 22px; text-align: justify; background: transparent;\" title=\"Maximum Restaurants - Caff\u00e9 Adira\" href=\"https:\/\/maximumservices.cz\/en\/restaurant\/caffe-restaurant-adria\/\">Caff\u00e9 Restaurant Adria<\/a><span style=\"color: #58595b; font-family: Equip-Light; font-size: 14px; line-height: 22px; text-align: justify;\">,&nbsp;<\/span><a style=\"color: #58595b; font-family: Equip-Light; font-size: 14px; line-height: 22px; text-align: justify; background: transparent;\" title=\"Maximum Restaurants - Restaurant T\u0159eboradice\" href=\"https:\/\/maximumservices.cz\/en\/restaurant\/restaurant-treboradice\/\">Restaurant T\u0159eboradice<\/a><span style=\"color: #58595b; font-family: Equip-Light; font-size: 14px; line-height: 22px; text-align: justify;\">&nbsp;a let\u0148ansk\u00e1&nbsp;<\/span><a style=\"color: #58595b; font-family: Equip-Light; font-size: 14px; line-height: 22px; text-align: justify; background: transparent;\" title=\"Maximum Restaurants - Cantina\" href=\"https:\/\/maximumservices.cz\/en\/restaurant\/cantina\/\">Cantina<\/a><span style=\"color: #58595b; font-family: Equip-Light; font-size: 14px; line-height: 22px; text-align: justify;\">. Caff\u00e9 Restaurant Adria nach\u00e1zej\u00edc\u00ed se v architektonick\u00e9m klenotu pal\u00e1ci Adria ji\u017e od roku 2007 nab\u00edz\u00ed sv\u00fdm host\u016fm p\u0159\u00edjemn\u00e9 prost\u0159ed\u00ed, znamenit\u00e9 menu sestaven\u00e9 \u0161\u00e9fkucha\u0159em Maximum Catering Milanem Ho\u0159ej\u0161em i venkovn\u00ed terasu s v\u00fdhledem na historick\u00e9 centrum Prahy. Restaurant T\u0159eboradice je naopak zn\u00e1m svou tradi\u010dn\u00ed \u010deskou kuchyn\u00ed , rodinnou atmosf\u00e9rou a pohostinnost\u00ed, kterou uv\u00edt\u00e1te zejm\u00e9na p\u0159i rodinn\u00fdch oslav\u00e1ch \u010di posezen\u00ed s p\u0159\u00e1teli. Na firemn\u00ed stravov\u00e1n\u00ed se pak zam\u011b\u0159uje na\u0161e Cantina, kterou najdete v are\u00e1lu V\u00fdzkumn\u00e9ho leteck\u00e9ho \u00fastavu v Let\u0148anech. Kvalita, profesion\u00e1ln\u011b odveden\u00e1 pr\u00e1ce, pe\u010dliv\u00fd v\u00fdb\u011br \u010dlen\u016f t\u00fdmu, \u00fazk\u00e1 spolupr\u00e1ce s klientem a dosa\u017een\u00ed jeho maxim\u00e1ln\u00ed spokojenosti \u2013 to jsou hlavn\u00ed prvky na\u0161\u00ed firemn\u00ed strategie prol\u00ednaj\u00edc\u00ed se v\u0161emi n\u00e1mi poskytovan\u00fdmi slu\u017ebami, od&nbsp;<\/span><a style=\"color: #58595b; font-family: Equip-Light; font-size: 14px; line-height: 22px; text-align: justify; background: transparent;\" href=\"https:\/\/maximumservices.cz\/en\/catering\/o-nas\/\">cateringu<\/a><span style=\"color: #58595b; font-family: Equip-Light; font-size: 14px; line-height: 22px; text-align: justify;\">&nbsp;po&nbsp;<\/span><a style=\"color: #58595b; font-family: Equip-Light; font-size: 14px; line-height: 22px; text-align: justify; background: transparent;\" title=\"Maximum Inventory - p\u016fj\u010dovna invent\u00e1\u0159e\" href=\"https:\/\/maximumservices.cz\/en\/pujcovna-inventare\/o-nas\/\">p\u016fj\u010dovnu invent\u00e1\u0159e<\/a><span style=\"color: #58595b; font-family: Equip-Light; font-size: 14px; line-height: 22px; text-align: justify;\">.<\/span><\/p>","protected":false},"excerpt":{"rendered":"<p>Maximum Services, spole\u010dnost s patn\u00e1ctiletou tradic\u00ed zam\u011b\u0159uj\u00edc\u00ed se na catering a pohostinstv\u00ed, nab\u00edz\u00ed sv\u00fdm klient\u016fm v r\u00e1mci \u010desk\u00e9ho i mezin\u00e1rodn\u00edho trhu komplexn\u00ed servis, profesion\u00e1ln\u00ed p\u0159\u00edstup a prvot\u0159\u00eddn\u00ed slu\u017eby \u0161irok\u00e9ho spektra. V r\u00e1mci firemn\u00edho eventu, gala ve\u010de\u0159e, koktejlu, konference, kongresu, banketu \u010di svatby p\u0159iprav\u00ed n\u00e1\u0161 t\u00fdm&nbsp;Maximum Catering&nbsp;Va\u0161im host\u016fm jedine\u010dn\u00fd gastronomick\u00fd z\u00e1\u017eitek. Na z\u00e1klad\u011b Va\u0161ich p\u0159\u00e1n\u00ed a [&hellip;]<\/p>\n","protected":false},"author":1,"featured_media":0,"parent":0,"menu_order":24,"comment_status":"closed","ping_status":"closed","template":"","meta":{"footnotes":""},"class_list":["post-2","page","type-page","status-publish","hentry"],"yoast_head":"<!-- This site is optimized with the Yoast SEO plugin v27.2 - https:\/\/yoast.com\/product\/yoast-seo-wordpress\/ -->\n<title>Maximum Services<\/title>\n<meta name=\"description\" content=\"Maximum Services, spole\u010dnost zam\u011b\u0159uj\u00edc\u00ed se na catering a pohostinstv\u00ed, nab\u00edz\u00ed sv\u00fdm klient\u016fm komplexn\u00ed servis a prvot\u0159\u00eddn\u00ed slu\u017eby \u0161irok\u00e9ho spektra.\" \/>\n<meta name=\"robots\" content=\"index, follow, max-snippet:-1, max-image-preview:large, max-video-preview:-1\" \/>\n<link rel=\"canonical\" href=\"https:\/\/maximumservices.cz\/en\/\" \/>\n<meta property=\"og:locale\" content=\"en_GB\" \/>\n<meta property=\"og:type\" content=\"article\" \/>\n<meta property=\"og:title\" content=\"Maximum Services\" \/>\n<meta property=\"og:description\" content=\"Maximum Services, spole\u010dnost zam\u011b\u0159uj\u00edc\u00ed se na catering a pohostinstv\u00ed, nab\u00edz\u00ed sv\u00fdm klient\u016fm komplexn\u00ed servis a prvot\u0159\u00eddn\u00ed slu\u017eby \u0161irok\u00e9ho spektra.\" \/>\n<meta property=\"og:url\" content=\"https:\/\/maximumservices.cz\/en\/\" \/>\n<meta property=\"og:site_name\" content=\"Maximum Services\" \/>\n<meta property=\"article:modified_time\" content=\"2026-03-31T11:13:23+00:00\" \/>\n<meta name=\"twitter:card\" content=\"summary_large_image\" \/>\n<meta name=\"twitter:label1\" content=\"Estimated reading time\" \/>\n\t<meta name=\"twitter:data1\" content=\"2 minutes\" \/>\n<script type=\"application\/ld+json\" class=\"yoast-schema-graph\">{\"@context\":\"https:\/\/schema.org\",\"@graph\":[{\"@type\":\"WebPage\",\"@id\":\"https:\/\/maximumservices.cz\/\",\"url\":\"https:\/\/maximumservices.cz\/\",\"name\":\"Maximum Services\",\"isPartOf\":{\"@id\":\"https:\/\/maximumservices.cz\/#website\"},\"datePublished\":\"2016-03-12T17:37:28+00:00\",\"dateModified\":\"2026-03-31T11:13:23+00:00\",\"description\":\"Maximum Services, spole\u010dnost zam\u011b\u0159uj\u00edc\u00ed se na catering a pohostinstv\u00ed, nab\u00edz\u00ed sv\u00fdm klient\u016fm komplexn\u00ed servis a prvot\u0159\u00eddn\u00ed slu\u017eby \u0161irok\u00e9ho spektra.\",\"breadcrumb\":{\"@id\":\"https:\/\/maximumservices.cz\/#breadcrumb\"},\"inLanguage\":\"en-GB\",\"potentialAction\":[{\"@type\":\"ReadAction\",\"target\":[\"https:\/\/maximumservices.cz\/\"]}]},{\"@type\":\"BreadcrumbList\",\"@id\":\"https:\/\/maximumservices.cz\/#breadcrumb\",\"itemListElement\":[{\"@type\":\"ListItem\",\"position\":1,\"name\":\"Home\",\"item\":\"https:\/\/maximumservices.cz\/\"},{\"@type\":\"ListItem\",\"position\":2,\"name\":\"Dom\u016f\"}]},{\"@type\":\"WebSite\",\"@id\":\"https:\/\/maximumservices.cz\/#website\",\"url\":\"https:\/\/maximumservices.cz\/\",\"name\":\"Maximum Services\",\"description\":\"\",\"publisher\":{\"@id\":\"https:\/\/maximumservices.cz\/#organization\"},\"potentialAction\":[{\"@type\":\"SearchAction\",\"target\":{\"@type\":\"EntryPoint\",\"urlTemplate\":\"https:\/\/maximumservices.cz\/?s={search_term_string}\"},\"query-input\":{\"@type\":\"PropertyValueSpecification\",\"valueRequired\":true,\"valueName\":\"search_term_string\"}}],\"inLanguage\":\"en-GB\"},{\"@type\":\"Organization\",\"@id\":\"https:\/\/maximumservices.cz\/#organization\",\"name\":\"Maximum Services\",\"url\":\"https:\/\/maximumservices.cz\/\",\"logo\":{\"@type\":\"ImageObject\",\"inLanguage\":\"en-GB\",\"@id\":\"https:\/\/maximumservices.cz\/#\/schema\/logo\/image\/\",\"url\":\"https:\/\/maximumservices.cz\/wp-content\/uploads\/2026\/03\/services-logo.jpg\",\"contentUrl\":\"https:\/\/maximumservices.cz\/wp-content\/uploads\/2026\/03\/services-logo.jpg\",\"width\":2279,\"height\":2279,\"caption\":\"Maximum Services\"},\"image\":{\"@id\":\"https:\/\/maximumservices.cz\/#\/schema\/logo\/image\/\"}}]}<\/script>\n<!-- \/ Yoast SEO plugin. -->","yoast_head_json":{"title":"Maximum Services","description":"Maximum Services, spole\u010dnost zam\u011b\u0159uj\u00edc\u00ed se na catering a pohostinstv\u00ed, nab\u00edz\u00ed sv\u00fdm klient\u016fm komplexn\u00ed servis a prvot\u0159\u00eddn\u00ed slu\u017eby \u0161irok\u00e9ho spektra.","robots":{"index":"index","follow":"follow","max-snippet":"max-snippet:-1","max-image-preview":"max-image-preview:large","max-video-preview":"max-video-preview:-1"},"canonical":"https:\/\/maximumservices.cz\/en\/","og_locale":"en_GB","og_type":"article","og_title":"Maximum Services","og_description":"Maximum Services, spole\u010dnost zam\u011b\u0159uj\u00edc\u00ed se na catering a pohostinstv\u00ed, nab\u00edz\u00ed sv\u00fdm klient\u016fm komplexn\u00ed servis a prvot\u0159\u00eddn\u00ed slu\u017eby \u0161irok\u00e9ho spektra.","og_url":"https:\/\/maximumservices.cz\/en\/","og_site_name":"Maximum Services","article_modified_time":"2026-03-31T11:13:23+00:00","twitter_card":"summary_large_image","twitter_misc":{"Estimated reading time":"2 minutes"},"schema":{"@context":"https:\/\/schema.org","@graph":[{"@type":"WebPage","@id":"https:\/\/maximumservices.cz\/","url":"https:\/\/maximumservices.cz\/","name":"Maximum Services","isPartOf":{"@id":"https:\/\/maximumservices.cz\/#website"},"datePublished":"2016-03-12T17:37:28+00:00","dateModified":"2026-03-31T11:13:23+00:00","description":"Maximum Services, spole\u010dnost zam\u011b\u0159uj\u00edc\u00ed se na catering a pohostinstv\u00ed, nab\u00edz\u00ed sv\u00fdm klient\u016fm komplexn\u00ed servis a prvot\u0159\u00eddn\u00ed slu\u017eby \u0161irok\u00e9ho spektra.","breadcrumb":{"@id":"https:\/\/maximumservices.cz\/#breadcrumb"},"inLanguage":"en-GB","potentialAction":[{"@type":"ReadAction","target":["https:\/\/maximumservices.cz\/"]}]},{"@type":"BreadcrumbList","@id":"https:\/\/maximumservices.cz\/#breadcrumb","itemListElement":[{"@type":"ListItem","position":1,"name":"Home","item":"https:\/\/maximumservices.cz\/"},{"@type":"ListItem","position":2,"name":"Dom\u016f"}]},{"@type":"WebSite","@id":"https:\/\/maximumservices.cz\/#website","url":"https:\/\/maximumservices.cz\/","name":"Maximum Services","description":"","publisher":{"@id":"https:\/\/maximumservices.cz\/#organization"},"potentialAction":[{"@type":"SearchAction","target":{"@type":"EntryPoint","urlTemplate":"https:\/\/maximumservices.cz\/?s={search_term_string}"},"query-input":{"@type":"PropertyValueSpecification","valueRequired":true,"valueName":"search_term_string"}}],"inLanguage":"en-GB"},{"@type":"Organization","@id":"https:\/\/maximumservices.cz\/#organization","name":"Maximum Services","url":"https:\/\/maximumservices.cz\/","logo":{"@type":"ImageObject","inLanguage":"en-GB","@id":"https:\/\/maximumservices.cz\/#\/schema\/logo\/image\/","url":"https:\/\/maximumservices.cz\/wp-content\/uploads\/2026\/03\/services-logo.jpg","contentUrl":"https:\/\/maximumservices.cz\/wp-content\/uploads\/2026\/03\/services-logo.jpg","width":2279,"height":2279,"caption":"Maximum Services"},"image":{"@id":"https:\/\/maximumservices.cz\/#\/schema\/logo\/image\/"}}]}},"_links":{"self":[{"href":"https:\/\/maximumservices.cz\/en\/wp-json\/wp\/v2\/pages\/2","targetHints":{"allow":["GET"]}}],"collection":[{"href":"https:\/\/maximumservices.cz\/en\/wp-json\/wp\/v2\/pages"}],"about":[{"href":"https:\/\/maximumservices.cz\/en\/wp-json\/wp\/v2\/types\/page"}],"author":[{"embeddable":true,"href":"https:\/\/maximumservices.cz\/en\/wp-json\/wp\/v2\/users\/1"}],"replies":[{"embeddable":true,"href":"https:\/\/maximumservices.cz\/en\/wp-json\/wp\/v2\/comments?post=2"}],"version-history":[{"count":2,"href":"https:\/\/maximumservices.cz\/en\/wp-json\/wp\/v2\/pages\/2\/revisions"}],"predecessor-version":[{"id":650,"href":"https:\/\/maximumservices.cz\/en\/wp-json\/wp\/v2\/pages\/2\/revisions\/650"}],"wp:attachment":[{"href":"https:\/\/maximumservices.cz\/en\/wp-json\/wp\/v2\/media?parent=2"}],"curies":[{"name":"wp","href":"https:\/\/api.w.org\/{rel}","templated":true}]}}