{"id":27,"date":"2016-08-30T08:42:34","date_gmt":"2016-08-30T08:42:34","guid":{"rendered":"http:\/\/maximumservices.local\/obchodni-podminky-divize-catering-by-maximum-services\/"},"modified":"2026-03-26T16:34:58","modified_gmt":"2026-03-26T16:34:58","slug":"obchodni-podminky-catering","status":"publish","type":"page","link":"https:\/\/maximumservices.cz\/en\/obchodni-podminky-catering\/","title":{"rendered":"Obchodn\u00ed podm\u00ednky &#8211; divize CATERING by MAXIMUM SERVICES"},"content":{"rendered":"<h3>V&scaron;eobecn&aacute; ustanoven&iacute;<\/h3>\n<p>V&scaron;eobecn&eacute; obchodn&iacute; podm&iacute;nky plat&iacute; pro cateringov&eacute; slu\u017eby poskytovan&eacute; diviz&iacute; CATERING by MAXIMUM SERVICES a upravuj&iacute; vztah mezi kupuj&iacute;c&iacute;m (d&aacute;le jen kupuj&iacute;c&iacute;) a dodavatelem (d&aacute;le jen dodavatelem): Maximum Services, Vladim&iacute;r Svoboda, K\u0159ivokl&aacute;tsk&aacute; 527, 1990 00, Praha 9, I\u010cO 71050761, DI\u010c CZ7707292076 a jsou pro ob\u011b strany z&aacute;vazn&eacute;. Kupuj&iacute;c&iacute; zasl&aacute;n&iacute;m objedn&aacute;vky potvrzuje, \u017ee se sezn&aacute;mil s Obchodn&iacute;mi podm&iacute;nkami prod&aacute;vaj&iacute;c&iacute;ho.<\/p>\n<h3>Potvrzen&iacute; objedn&aacute;vky dodavatelem<\/h3>\n<p>Objedn&aacute;vka cateringov&yacute;ch slu\u017eeb odeslan&aacute; dodavateli je pova\u017eov&aacute;na za n&aacute;vrh kupn&iacute; smlouvy. Dodavatel po obdr\u017een&iacute; objedn&aacute;vky prov\u011b\u0159&iacute; mo\u017enosti realizace objedn&aacute;vky, a to zejm&eacute;na z hlediska po\u017eadovan&eacute;ho sortimentu, term&iacute;nu a m&iacute;sta dod&aacute;n&iacute;. Sou\u010dasn\u011b je dodavatelem provedena kalkulace dopravn&eacute;ho (ve smyslu odd&iacute;lu Doprava).<\/p>\n<p>Dodavatel kupuj&iacute;c&iacute;mu potvrzuje realizaci objedn&aacute;vky v\u017edy p&iacute;semn\u011b e-mailem. Term&iacute;n potvrzen&iacute; objedn&aacute;vky je stanoven na 3 pracovn&iacute; dny ode dne, kdy byla doru\u010dena objedn&aacute;vka. To v&scaron;ak pouze v p\u0159&iacute;pad\u011b, \u017ee byla doru\u010dena v pracovn&iacute; dob\u011b dodavatele. Pracovn&iacute; doba dodavatele: pond\u011bl&iacute; a\u017e p&aacute;tek od 8.00 do 17.00 hodin. Jestli\u017ee objedn&aacute;vka je doru\u010dena v pr\u016fb\u011bhu pracovn&iacute;ho volna, bude neprodlen\u011b potvrzena a\u017e po zah&aacute;jen&iacute; pracovn&iacute; doby dodavatele.<\/p>\n<p>Posledn&iacute; objedn&aacute;vku na dny pracovn&iacute;ho volna a pond\u011bl&iacute; dopoledne je mo\u017en&eacute; odeslat nejpozd\u011bji do 10:00 hodin p\u0159edposledn&iacute;ho p\u0159edch&aacute;zej&iacute;c&iacute;ho pracovn&iacute;ho dne (\u010dtvrtek do 10:00).<\/p>\n<h3>Doprava<\/h3>\n<p>Catering je dodavatelem zav&aacute;\u017een chlad&iacute;c&iacute;m vozem za dodr\u017een&iacute; v&scaron;ech podm&iacute;nek pro p\u0159evoz \u010derstv&eacute;ho j&iacute;dla. Po dohod\u011b s dodavatelem je mo\u017en&eacute; si objedn&aacute;vku vyzvednout v m&iacute;st\u011b v&yacute;roby. Od okam\u017eiku p\u0159evzet&iacute; objednan&eacute;ho cateringu neru\u010d&iacute; dodavatel za dal&scaron;&iacute; nakl&aacute;d&aacute;n&iacute; s vyzvednutou objedn&aacute;vkou. Kupuj&iacute;c&iacute; p\u0159evzet&iacute;m objednan&eacute;ho cateringu p\u0159eb&iacute;r&aacute; zodpov\u011bdnost za svou objedn&aacute;vku.<\/p>\n<h3>Minim&aacute;ln&iacute; mno\u017estv&iacute; objedn&aacute;van&eacute;ho zbo\u017e&iacute;<\/h3>\n<p>S ohledem na slo\u017eitost v&yacute;roby n\u011bkter&yacute;ch v&yacute;robk\u016f m\u016f\u017ee b&yacute;t dodavatelem stanoveno minim&aacute;ln&iacute; mno\u017estv&iacute; pro objedn&aacute;vku. &Uacute;daj o minim&aacute;ln&iacute;m mno\u017estv&iacute; je vyzna\u010den v detailu v&yacute;robku.<\/p>\n<h3>Dodac&iacute; lh\u016fta<\/h3>\n<p>Term&iacute;n a \u010das dod&aacute;n&iacute; je uveden na prvn&iacute; stran\u011b objedn&aacute;vky. Tento term&iacute;n m\u016f\u017ee b&yacute;t zm\u011bn\u011bn dohodou mezi dodavatelem a kupuj&iacute;c&iacute;m.<\/p>\n<p>Dodavatel m&aacute; pr&aacute;vo posoudit, zda objem objedn&aacute;vky je schopen v dan&eacute;m term&iacute;nu realizovat. Nepotvrzen&aacute; \u010di odm&iacute;tnut&aacute; objedn&aacute;vka je pova\u017eov&aacute;na ze strany dodavatele za popt&aacute;vku cateringov&yacute;ch slu\u017eeb.<\/p>\n<h3>Platebn&iacute; podm&iacute;nky<\/h3>\n<p>Cateringov&eacute; slu\u017eby jsou hrazeny v hotovosti po realizaci akce (kupuj&iacute;c&iacute; obdr\u017e&iacute; fakturu a p\u0159&iacute;jmov&yacute; pokladn&iacute; doklad o &uacute;hrad\u011b) nebo bankovn&iacute;m p\u0159evodem po realizaci akce. Dodavatel m\u016f\u017ee stanovit &uacute;hradu z&aacute;lohy ve v&yacute;&scaron;i a\u017e 80% objednan&yacute;ch cateringov&yacute;ch slu\u017eeb. V p\u0159&iacute;pad\u011b &uacute;hrady z&aacute;lohy mus&iacute; b&yacute;t tato p\u0159ips&aacute;na na &uacute;\u010det dodavatele nejpozd\u011bji dva pracovn&iacute; dny p\u0159ed realizac&iacute;, jinak je dodavatel opr&aacute;vn\u011bn pln\u011bn&iacute; objedn&aacute;vky stornovat. Kupuj&iacute;c&iacute; si je v\u011bdom, \u017ee realizac&iacute; cateringov&eacute; akce dodavateli vznikla pohled&aacute;vka, kter&aacute; je z&aacute;vazn&aacute;. Na z&aacute;klad\u011b t&eacute;to pohled&aacute;vky a v&scaron;eobecn&yacute;ch obchodn&iacute;ch podm&iacute;nek je prod&aacute;vaj&iacute;c&iacute; opr&aacute;vn\u011bn tyto pohled&aacute;vky vym&aacute;hat a p\u0159&iacute;padn\u011b jejich vym&aacute;h&aacute;n&iacute;m pov\u011b\u0159it advok&aacute;ta \u010di jin&eacute;ho zmocn\u011bnce.<\/p>\n<h3>Rozhod\u010d&iacute; dolo\u017eka<\/h3>\n<p>V&scaron;echny spory vznikaj&iacute;c&iacute; z t&eacute;to smlouvy a v souvislosti s n&iacute; budou rozhodov&aacute;ny s kone\u010dnou platnost&iacute; u Rozhod\u010d&iacute;ho soudu p\u0159i Hospod&aacute;\u0159sk&eacute; komo\u0159e \u010cesk&eacute; republiky a Agr&aacute;rn&iacute; komo\u0159e \u010cesk&eacute; republiky podle jeho \u0159&aacute;du jedn&iacute;m rozhodcem jmenovan&yacute;m p\u0159edsedou Rozhod\u010d&iacute;ho soudu.<\/p>\n<h3>Storno objedn&aacute;vky<\/h3>\n<p>Podm&iacute;nky zru&scaron;en&iacute; objedn&aacute;vky cateringov&eacute; akce jsou stanoveny individu&aacute;ln\u011b p\u0159i vyjedn&aacute;v&aacute;n&iacute; o dod&aacute;n&iacute; cateringov&yacute;ch slu\u017eeb dle objemu objedn&aacute;vky a tyto podm&iacute;nky jsou uvedeny p&iacute;semn\u011b.<\/p>\n<h3>Zm\u011bna objedn&aacute;vky<\/h3>\n<p>Nav&yacute;&scaron;en&iacute; nebo sn&iacute;\u017een&iacute; objedn&aacute;vky cateringu lze zm\u011bnit pouze po p\u0159edchoz&iacute; domluv\u011b s dodavatelem, kter&yacute; dle kapacitn&iacute;ch mo\u017enost&iacute; ur\u010d&iacute;, zda je mo\u017en&eacute; nav&yacute;&scaron;en&iacute;. V p\u0159&iacute;pad\u011b sn&iacute;\u017een&iacute; objemu lze sn&iacute;\u017eit 10% z celkov&eacute;ho objemu 2 pracovn&iacute; dny p\u0159ed realizac&iacute; cateringov&eacute; akce. Dal&scaron;&iacute; sn&iacute;\u017een&iacute; je \u0159e&scaron;eno individu&aacute;ln\u011b mezi ob\u011bma stranami.<\/p>\n<h3>Realizace cateringov&yacute;ch slu\u017eeb<\/h3>\n<p>Cateringov&eacute; slu\u017eby jsou realizov&aacute;ny v term&iacute;nu p\u0159edem stanoven&eacute;m v objedn&aacute;vce a dodavatel zajist&iacute; bezprobl&eacute;mov&yacute; pr\u016fb\u011bh cateringov&eacute; akce na z&aacute;klad\u011b objedn&aacute;vky kupuj&iacute;c&iacute;ho. Ve&scaron;ker&eacute; podm&iacute;nky realizace (slo\u017een&iacute; cateringu, m&iacute;sto realizace, \u010das, doprava, person&aacute;ln&iacute; zaji&scaron;t\u011bn&iacute;, poskytnut&iacute; invent&aacute;\u0159e a mobili&aacute;\u0159e) jsou p\u0159edem odsouhlaseny ob\u011bma stranami. P\u0159&iacute;padn&eacute; zm\u011bny v den realizace jsou \u0159e&scaron;eny ad hoc ob\u011bma stranami.<\/p>\n<h3>Komunikace mezi stranami<\/h3>\n<p>Komunikace mezi stranami bude prob&iacute;hat prim&aacute;rn\u011b prost\u0159ednictv&iacute;m zpr&aacute;v elektronick&eacute; po&scaron;ty, v p\u0159&iacute;pad\u011b dodavatele se jedn&aacute; o adresu catering@maximumservices.cz , u kupuj&iacute;c&iacute;ho je relevantn&iacute; adresou e-mailov&aacute; adresa sd\u011blen&aacute; p\u0159i odesl&aacute;n&iacute; objedn&aacute;vky. Pro telefonickou komunikaci je kontaktn&iacute;m \u010d&iacute;slem dodavatele telefonn&iacute; \u010d&iacute;slo: 603 511 434, \u010d&iacute;slem kupuj&iacute;c&iacute;ho pak telefonn&iacute; \u010d&iacute;slo sd\u011blen&eacute; p\u0159i pod&aacute;n&iacute; objedn&aacute;vky, nebude-li dohodnuto jinak.<\/p>\n<h3>Ochrana osobn&iacute;ch &uacute;daj\u016f<\/h3>\n<p>V souladu se z&aacute;konem \u010d. 101\/2000 Sb., o ochran\u011b osobn&iacute;ch &uacute;daj\u016f kupuj&iacute;c&iacute; souhlas&iacute; se zpracov&aacute;n&iacute;m poskytnut&yacute;ch osobn&iacute;ch &uacute;daj\u016f dodavatelem, jako\u017eto spr&aacute;vcem a zpracovatelem, za &uacute;\u010delem za\u0159azen&iacute; do datab&aacute;ze spr&aacute;vce a dal&scaron;&iacute;ho marketingov&eacute;ho zpracov&aacute;n&iacute;, tj. nab&iacute;zen&iacute; v&yacute;robk\u016f a slu\u017eeb a za &uacute;\u010delem obchodn&iacute;ch sd\u011blen&iacute; prost\u0159ednictv&iacute;m elektronick&yacute;ch prost\u0159edk\u016f dle z&aacute;kona \u010d. 480\/2004 Sb. a to po dobu deseti let od ud\u011blen&iacute; souhlasu. Kupuj&iacute;c&iacute; bere na v\u011bdom&iacute;, \u017ee m&aacute; pr&aacute;vo p\u0159&iacute;stupu k osobn&iacute;m &uacute;daj\u016fm a dal&scaron;&iacute; pr&aacute;va dle &sect;&sect; 11, 21 z&aacute;konem \u010d. 101\/2000 Sb., o ochran\u011b osobn&iacute;ch &uacute;daj\u016f. Souhlas se zpracov&aacute;n&iacute;m osobn&iacute;ch &uacute;daj\u016f ud\u011bluje kupuj&iacute;c&iacute; dobrovoln\u011b a m\u016f\u017ee jej kdykoliv bezplatn\u011b na adrese spr&aacute;vce odvolat.<\/p>\n<p>Dodavatel m\u016f\u017ee kdykoliv zm\u011bnit nebo doplnit tyto v&scaron;eobecn&eacute; obchodn&iacute; podm&iacute;nky s nov&yacute;m datem platnosti. Bez p&iacute;semn&eacute;ho svolen&iacute; majitele webov&yacute;ch str&aacute;nek www.maximumservices.cz nen&iacute; mo\u017en&eacute; kop&iacute;rovat texty, popisy zbo\u017e&iacute;, fotografie a pou\u017e&iacute;vat je pro dal&scaron;&iacute; komer\u010dn&iacute; &uacute;\u010dely.<\/p>\n<h3>Reklamace<\/h3>\n<p>Odpov\u011bdnost za vady se \u0159&iacute;d&iacute; obecn\u011b z&aacute;vazn&yacute;mi pr&aacute;vn&iacute;mi p\u0159edpisy<\/p>\n<p>Uplatn\u011bnou reklamaci vy\u0159&iacute;d&iacute; dodavatel do t\u0159&iacute; pracovn&iacute;ch dn\u016f ode dne uplatn\u011bn&iacute;. O vy\u0159&iacute;zen&iacute; reklamace kupuj&iacute;c&iacute;ho vyrozum&iacute; e&ndash;mailem.<\/p>\n<h3>Z&aacute;v\u011bre\u010dn&aacute; ustanoven&iacute;<\/h3>\n<p>Tyto obchodn&iacute; podm&iacute;nky plat&iacute; ve zn\u011bn&iacute; uveden&eacute;m na internetov&yacute;ch str&aacute;nk&aacute;ch poskytovatele v den uzav\u0159en&iacute; smlouvy. Vztahy v&yacute;slovn\u011b neupraven&eacute; t\u011bmito v&scaron;eobecn&yacute;mi obchodn&iacute;mi podm&iacute;nkami nebo zvl&aacute;&scaron;tn&iacute;m ujedn&aacute;n&iacute;m smluvn&iacute;ch stran se \u0159&iacute;d&iacute; obecn\u011b z&aacute;vazn&yacute;mi pr&aacute;vn&iacute;mi p\u0159edpisy \u010cesk&eacute; republiky, zejm&eacute;na pak Ob\u010dansk&yacute;m z&aacute;kon&iacute;kem (z&aacute;kon \u010d. 89\/2012 Sb.). Je-li druhou smluvn&iacute; stranou spot\u0159ebitel, \u0159&iacute;d&iacute; se vztahy neupraven&eacute; obchodn&iacute;mi podm&iacute;nkami ob\u010dansk&yacute;m z&aacute;kon&iacute;kem a z&aacute;konem \u010d. 634\/1992 Sb. o ochran\u011b spot\u0159ebitele, v&scaron;e ve zn\u011bn&iacute; p\u0159&iacute;padn&yacute;ch novel.<\/p>\n<p>Tyto podm&iacute;nky nab&yacute;vaj&iacute; &uacute;\u010dinnosti dne 30.&nbsp;8.&nbsp;2016. Zm\u011bny obchodn&iacute;ch podm&iacute;nek jsou vyhrazeny.<\/p>","protected":false},"excerpt":{"rendered":"<p>V&scaron;eobecn&aacute; ustanoven&iacute; V&scaron;eobecn&eacute; obchodn&iacute; podm&iacute;nky plat&iacute; pro cateringov&eacute; slu\u017eby poskytovan&eacute; diviz&iacute; CATERING by MAXIMUM SERVICES a upravuj&iacute; vztah mezi kupuj&iacute;c&iacute;m (d&aacute;le jen kupuj&iacute;c&iacute;) a dodavatelem (d&aacute;le jen dodavatelem): Maximum Services, Vladim&iacute;r Svoboda, K\u0159ivokl&aacute;tsk&aacute; 527, 1990 00, Praha 9, I\u010cO 71050761, DI\u010c CZ7707292076 a jsou pro ob\u011b strany z&aacute;vazn&eacute;. Kupuj&iacute;c&iacute; zasl&aacute;n&iacute;m objedn&aacute;vky potvrzuje, \u017ee se sezn&aacute;mil [&hellip;]<\/p>\n","protected":false},"author":1,"featured_media":0,"parent":0,"menu_order":9,"comment_status":"closed","ping_status":"closed","template":"template-catering.php","meta":{"footnotes":""},"class_list":["post-27","page","type-page","status-publish","hentry"],"yoast_head":"<!-- This site is optimized with the Yoast SEO plugin v27.2 - https:\/\/yoast.com\/product\/yoast-seo-wordpress\/ -->\n<title>Obchodn\u00ed podm\u00ednky - divize CATERING by MAXIMUM SERVICES - Maximum Services<\/title>\n<meta name=\"robots\" content=\"index, follow, max-snippet:-1, max-image-preview:large, max-video-preview:-1\" \/>\n<link rel=\"canonical\" href=\"https:\/\/maximumservices.cz\/en\/obchodni-podminky-catering\/\" \/>\n<meta property=\"og:locale\" content=\"en_GB\" \/>\n<meta property=\"og:type\" content=\"article\" \/>\n<meta property=\"og:title\" content=\"Obchodn\u00ed podm\u00ednky - divize CATERING by MAXIMUM SERVICES - Maximum Services\" \/>\n<meta property=\"og:description\" content=\"V&scaron;eobecn&aacute; ustanoven&iacute; V&scaron;eobecn&eacute; obchodn&iacute; podm&iacute;nky plat&iacute; pro cateringov&eacute; slu\u017eby poskytovan&eacute; diviz&iacute; CATERING by MAXIMUM SERVICES a upravuj&iacute; vztah mezi kupuj&iacute;c&iacute;m (d&aacute;le jen kupuj&iacute;c&iacute;) a dodavatelem (d&aacute;le jen dodavatelem): Maximum Services, Vladim&iacute;r Svoboda, K\u0159ivokl&aacute;tsk&aacute; 527, 1990 00, Praha 9, I\u010cO 71050761, DI\u010c CZ7707292076 a jsou pro ob\u011b strany z&aacute;vazn&eacute;. Kupuj&iacute;c&iacute; zasl&aacute;n&iacute;m objedn&aacute;vky potvrzuje, \u017ee se sezn&aacute;mil [&hellip;]\" \/>\n<meta property=\"og:url\" content=\"https:\/\/maximumservices.cz\/en\/obchodni-podminky-catering\/\" \/>\n<meta property=\"og:site_name\" content=\"Maximum Services\" \/>\n<meta property=\"article:modified_time\" content=\"2026-03-26T16:34:58+00:00\" \/>\n<meta name=\"twitter:card\" content=\"summary_large_image\" \/>\n<meta name=\"twitter:label1\" content=\"Estimated reading time\" \/>\n\t<meta name=\"twitter:data1\" content=\"9 minutes\" \/>\n<script type=\"application\/ld+json\" class=\"yoast-schema-graph\">{\"@context\":\"https:\/\/schema.org\",\"@graph\":[{\"@type\":\"WebPage\",\"@id\":\"https:\/\/maximumservices.cz\/obchodni-podminky-catering\/\",\"url\":\"https:\/\/maximumservices.cz\/obchodni-podminky-catering\/\",\"name\":\"Obchodn\u00ed podm\u00ednky - divize CATERING by MAXIMUM SERVICES - Maximum Services\",\"isPartOf\":{\"@id\":\"https:\/\/maximumservices.cz\/#website\"},\"datePublished\":\"2016-08-30T08:42:34+00:00\",\"dateModified\":\"2026-03-26T16:34:58+00:00\",\"breadcrumb\":{\"@id\":\"https:\/\/maximumservices.cz\/obchodni-podminky-catering\/#breadcrumb\"},\"inLanguage\":\"en-GB\",\"potentialAction\":[{\"@type\":\"ReadAction\",\"target\":[\"https:\/\/maximumservices.cz\/obchodni-podminky-catering\/\"]}]},{\"@type\":\"BreadcrumbList\",\"@id\":\"https:\/\/maximumservices.cz\/obchodni-podminky-catering\/#breadcrumb\",\"itemListElement\":[{\"@type\":\"ListItem\",\"position\":1,\"name\":\"Home\",\"item\":\"https:\/\/maximumservices.cz\/\"},{\"@type\":\"ListItem\",\"position\":2,\"name\":\"Obchodn\u00ed podm\u00ednky &#8211; divize CATERING by MAXIMUM SERVICES\"}]},{\"@type\":\"WebSite\",\"@id\":\"https:\/\/maximumservices.cz\/#website\",\"url\":\"https:\/\/maximumservices.cz\/\",\"name\":\"Maximum Services\",\"description\":\"\",\"publisher\":{\"@id\":\"https:\/\/maximumservices.cz\/#organization\"},\"potentialAction\":[{\"@type\":\"SearchAction\",\"target\":{\"@type\":\"EntryPoint\",\"urlTemplate\":\"https:\/\/maximumservices.cz\/?s={search_term_string}\"},\"query-input\":{\"@type\":\"PropertyValueSpecification\",\"valueRequired\":true,\"valueName\":\"search_term_string\"}}],\"inLanguage\":\"en-GB\"},{\"@type\":\"Organization\",\"@id\":\"https:\/\/maximumservices.cz\/#organization\",\"name\":\"Maximum Services\",\"url\":\"https:\/\/maximumservices.cz\/\",\"logo\":{\"@type\":\"ImageObject\",\"inLanguage\":\"en-GB\",\"@id\":\"https:\/\/maximumservices.cz\/#\/schema\/logo\/image\/\",\"url\":\"https:\/\/maximumservices.cz\/wp-content\/uploads\/2026\/03\/services-logo.jpg\",\"contentUrl\":\"https:\/\/maximumservices.cz\/wp-content\/uploads\/2026\/03\/services-logo.jpg\",\"width\":2279,\"height\":2279,\"caption\":\"Maximum Services\"},\"image\":{\"@id\":\"https:\/\/maximumservices.cz\/#\/schema\/logo\/image\/\"}}]}<\/script>\n<!-- \/ Yoast SEO plugin. -->","yoast_head_json":{"title":"Obchodn\u00ed podm\u00ednky - divize CATERING by MAXIMUM SERVICES - Maximum Services","robots":{"index":"index","follow":"follow","max-snippet":"max-snippet:-1","max-image-preview":"max-image-preview:large","max-video-preview":"max-video-preview:-1"},"canonical":"https:\/\/maximumservices.cz\/en\/obchodni-podminky-catering\/","og_locale":"en_GB","og_type":"article","og_title":"Obchodn\u00ed podm\u00ednky - divize CATERING by MAXIMUM SERVICES - Maximum Services","og_description":"V&scaron;eobecn&aacute; ustanoven&iacute; V&scaron;eobecn&eacute; obchodn&iacute; podm&iacute;nky plat&iacute; pro cateringov&eacute; slu\u017eby poskytovan&eacute; diviz&iacute; CATERING by MAXIMUM SERVICES a upravuj&iacute; vztah mezi kupuj&iacute;c&iacute;m (d&aacute;le jen kupuj&iacute;c&iacute;) a dodavatelem (d&aacute;le jen dodavatelem): Maximum Services, Vladim&iacute;r Svoboda, K\u0159ivokl&aacute;tsk&aacute; 527, 1990 00, Praha 9, I\u010cO 71050761, DI\u010c CZ7707292076 a jsou pro ob\u011b strany z&aacute;vazn&eacute;. Kupuj&iacute;c&iacute; zasl&aacute;n&iacute;m objedn&aacute;vky potvrzuje, \u017ee se sezn&aacute;mil [&hellip;]","og_url":"https:\/\/maximumservices.cz\/en\/obchodni-podminky-catering\/","og_site_name":"Maximum Services","article_modified_time":"2026-03-26T16:34:58+00:00","twitter_card":"summary_large_image","twitter_misc":{"Estimated reading time":"9 minutes"},"schema":{"@context":"https:\/\/schema.org","@graph":[{"@type":"WebPage","@id":"https:\/\/maximumservices.cz\/obchodni-podminky-catering\/","url":"https:\/\/maximumservices.cz\/obchodni-podminky-catering\/","name":"Obchodn\u00ed podm\u00ednky - divize CATERING by MAXIMUM SERVICES - Maximum Services","isPartOf":{"@id":"https:\/\/maximumservices.cz\/#website"},"datePublished":"2016-08-30T08:42:34+00:00","dateModified":"2026-03-26T16:34:58+00:00","breadcrumb":{"@id":"https:\/\/maximumservices.cz\/obchodni-podminky-catering\/#breadcrumb"},"inLanguage":"en-GB","potentialAction":[{"@type":"ReadAction","target":["https:\/\/maximumservices.cz\/obchodni-podminky-catering\/"]}]},{"@type":"BreadcrumbList","@id":"https:\/\/maximumservices.cz\/obchodni-podminky-catering\/#breadcrumb","itemListElement":[{"@type":"ListItem","position":1,"name":"Home","item":"https:\/\/maximumservices.cz\/"},{"@type":"ListItem","position":2,"name":"Obchodn\u00ed podm\u00ednky &#8211; divize CATERING by MAXIMUM SERVICES"}]},{"@type":"WebSite","@id":"https:\/\/maximumservices.cz\/#website","url":"https:\/\/maximumservices.cz\/","name":"Maximum Services","description":"","publisher":{"@id":"https:\/\/maximumservices.cz\/#organization"},"potentialAction":[{"@type":"SearchAction","target":{"@type":"EntryPoint","urlTemplate":"https:\/\/maximumservices.cz\/?s={search_term_string}"},"query-input":{"@type":"PropertyValueSpecification","valueRequired":true,"valueName":"search_term_string"}}],"inLanguage":"en-GB"},{"@type":"Organization","@id":"https:\/\/maximumservices.cz\/#organization","name":"Maximum Services","url":"https:\/\/maximumservices.cz\/","logo":{"@type":"ImageObject","inLanguage":"en-GB","@id":"https:\/\/maximumservices.cz\/#\/schema\/logo\/image\/","url":"https:\/\/maximumservices.cz\/wp-content\/uploads\/2026\/03\/services-logo.jpg","contentUrl":"https:\/\/maximumservices.cz\/wp-content\/uploads\/2026\/03\/services-logo.jpg","width":2279,"height":2279,"caption":"Maximum Services"},"image":{"@id":"https:\/\/maximumservices.cz\/#\/schema\/logo\/image\/"}}]}},"_links":{"self":[{"href":"https:\/\/maximumservices.cz\/en\/wp-json\/wp\/v2\/pages\/27","targetHints":{"allow":["GET"]}}],"collection":[{"href":"https:\/\/maximumservices.cz\/en\/wp-json\/wp\/v2\/pages"}],"about":[{"href":"https:\/\/maximumservices.cz\/en\/wp-json\/wp\/v2\/types\/page"}],"author":[{"embeddable":true,"href":"https:\/\/maximumservices.cz\/en\/wp-json\/wp\/v2\/users\/1"}],"replies":[{"embeddable":true,"href":"https:\/\/maximumservices.cz\/en\/wp-json\/wp\/v2\/comments?post=27"}],"version-history":[{"count":1,"href":"https:\/\/maximumservices.cz\/en\/wp-json\/wp\/v2\/pages\/27\/revisions"}],"predecessor-version":[{"id":569,"href":"https:\/\/maximumservices.cz\/en\/wp-json\/wp\/v2\/pages\/27\/revisions\/569"}],"wp:attachment":[{"href":"https:\/\/maximumservices.cz\/en\/wp-json\/wp\/v2\/media?parent=27"}],"curies":[{"name":"wp","href":"https:\/\/api.w.org\/{rel}","templated":true}]}}