{"id":277,"date":"2022-01-10T13:49:16","date_gmt":"2022-01-10T13:49:16","guid":{"rendered":"http:\/\/maximumservices.local\/cookies\/"},"modified":"2022-01-10T13:49:16","modified_gmt":"2022-01-10T13:49:16","slug":"cookies","status":"publish","type":"page","link":"https:\/\/maximumservices.cz\/en\/cookies\/","title":{"rendered":"Cookies"},"content":{"rendered":"<p>Pro fungov\u00e1n\u00ed na\u0161ehoho webu vyu\u017e\u00edv\u00e1me cookies, neboli mal\u00e9 soubory, kter\u00e9 na\u0161e str\u00e1nky pomoc\u00ed prohl\u00ed\u017ee\u010de ukl\u00e1daj\u00ed do va\u0161eho za\u0159\u00edzen\u00ed. Cookies m\u016f\u017eeme rozd\u011blit na nezbytn\u00e9, preferen\u010dn\u00ed, statistick\u00e9 a&nbsp;marketingov\u00e9.&nbsp;<\/p>\n<p>Cookies sm\u00edme obvykle zpracov\u00e1vat pouze s&nbsp;va\u0161\u00edm souhlasem. Souhlas nen\u00ed pot\u0159eba pro <strong>nezbytn\u00e9 cookies<\/strong>. Ty jsou pot\u0159eba pro to, aby byly na\u0161e webov\u00e9 str\u00e1nky v\u016fbec funk\u010dn\u00ed a&nbsp;mohli jste n\u00e1s kontaktovat anebo si objednat n\u00e1\u0161 webin\u00e1\u0159. Pro vyu\u017eit\u00ed t\u011bchto cookies nepot\u0159ebujeme v\u00e1\u0161 souhlas a&nbsp;ani je nem\u016f\u017eete odm\u00edtnout.<\/p>\n<p>Vyu\u017e\u00edv\u00e1me tak\u00e9<strong> preferen\u010dn\u00ed cookies<\/strong>, ty umo\u017e\u0148uj\u00ed webov\u00fdm str\u00e1nk\u00e1m zapamatovat si \u00fadaje, kter\u00e9 jste do nich vlo\u017eili. D\u00edky tomu si webov\u00e9 str\u00e1nky budou pamatovat t\u0159eba v\u00e1mi preferovan\u00fd jazyk webu. K&nbsp;jejich pou\u017eit\u00ed pot\u0159ebujeme v\u00e1\u0161 souhlas, kter\u00fd m\u016f\u017eete kdykoli odm\u00edtnout kliknut\u00edm na ikonu v&nbsp;lev\u00e9m doln\u00edm rohu. Pokud v\u0161ak tyto cookies odm\u00edtnete, web se v\u00e1m nemus\u00ed zobrazovat tak, aby v\u00e1m jeho pou\u017eit\u00ed 100% vyhovovalo.<\/p>\n<p><strong>Analytick\u00e9 cookies<\/strong> n\u00e1m slou\u017e\u00ed pro sestavov\u00e1n\u00ed statistik a&nbsp;p\u0159ehled\u016f. Pomoc\u00ed nich sledujeme n\u00e1v\u0161t\u011bvnost na\u0161eho webu i&nbsp;to, odkud jste k&nbsp;n\u00e1m na web p\u0159i\u0161li. K&nbsp;tomu pot\u0159ebujeme v\u00e1\u0161 souhlas. s&nbsp;jednou v\u00fdjimkou. Sledovat pouze \u00fadaje o&nbsp;n\u00e1v\u0161t\u011bvnosti webu i&nbsp;jednotliv\u00fdch podstr\u00e1nek m\u016f\u017eeme i&nbsp;bez va\u0161eho souhlasu, proto\u017ee tyto cookies t\u00e9m\u011b\u0159 nezasahuj\u00ed do va\u0161eho soukrom\u00ed. Op\u011bt je ale samoz\u0159ejm\u011b m\u016f\u017eete odm\u00edtnout kliknut\u00edm na ikonu v&nbsp;lev\u00e9m doln\u00edm rohu.&nbsp;<\/p>\n<p><strong>Marketingov\u00e9 cookies<\/strong> n\u00e1m umo\u017e\u0148uj\u00ed p\u0159izp\u016fsobovat na\u0161i nab\u00eddku va\u0161im pot\u0159eb\u00e1m a&nbsp;zobrazovat v\u00e1m relevantn\u00ed reklamu. Pot\u0159ebujeme k&nbsp;tomu v\u00e1\u0161 souhlas. Odm\u00edtnout tyto cookies m\u016f\u017eete kliknut\u00edm na ikonu v&nbsp;lev\u00e9m doln\u00edm rohu.&nbsp;<\/p>\n<p>V&nbsp;tabulce n\u00ed\u017ee najdete i&nbsp;neklasifikovan\u00e9 cookies, kter\u00e9 jsou v&nbsp;procesu klasifikace s&nbsp;poskytovateli jednotliv\u00fdch cookies. Jakmile je klasifikujeme, p\u0159i\u0159ad\u00edme je do jedn\u00e9 ze skupin cookies popsan\u00fdch v\u00fd\u0161e.<\/p>\n<p><strong>Kdo m\u016f\u017ee m\u00edt k&nbsp;\u00fadaj\u016fm p\u0159\u00edstup:<\/strong><\/p>\n<h2>Shrom\u00e1\u017ed\u011bn\u00e9 cookies soubory jsou zpracov\u00e1ny dal\u0161\u00edmi zpracovateli:<\/h2>\n<p>slu\u017ebou Google Analytics, provozovanou spole\u010dnost\u00ed Google Inc., se s\u00eddlem 1600&nbsp;Amphitheatre Parkway, Mountain View, CA 94043, USA<\/p>\n<p>slu\u017ebou Google Adwords, provozovanou spole\u010dnost\u00ed Google Inc., se s\u00eddlem 1600&nbsp;Amphitheatre Parkway, Mountain View, CA 94043, USA<\/p>\n<p>slu\u017ebou Sklik, provozovanou spole\u010dnost\u00ed Seznam.cz, a.s., I\u010c: 261 68&nbsp;685, se s\u00eddlem Praha 5&nbsp;\u2013 Sm\u00edchov, Radlick\u00e1 3294\/10, PS\u010c 150 00<\/p>\n<p>Cookies soubory jsou n\u00e1sledn\u011b zpracovateli zpracov\u00e1ny v&nbsp;souladu s&nbsp;jejich podm\u00ednkami nakl\u00e1d\u00e1n\u00ed s&nbsp;osobn\u00edmi \u00fadaji:<\/p>\n<p>slu\u017ebou Google Analytics<\/p>\n<p>slu\u017ebou Google Adwords<\/p>\n<p>slu\u017ebou Sklik<\/p>\n<h2><strong>Jak dlouho budeme \u00fadaje zpracov\u00e1vat:<\/strong><\/h2>\n<p>Nutn\u00e9 cookies jsou uchov\u00e1ny pouze na dobu nezbytn\u011b nutnou pro fungov\u00e1n\u00ed webu. Preferen\u010dn\u00ed cookies jsou uchov\u00e1v\u00e1ny pouze po dobu jedn\u00e9 session. Souhlas s u\u017eit\u00edm statistick\u00fdch a marketingov\u00fdch cookies ud\u011blujete na dobu uvedenou u jednotliv\u00fdch druh\u016f cookies. M\u016f\u017eete ho vz\u00edt kdykoliv zp\u011bt, sta\u010d\u00ed, kdy\u017e pozm\u011bn\u00edte nastaven\u00ed sv\u00e9ho webov\u00e9ho prohl\u00ed\u017ee\u010de.<\/p>","protected":false},"excerpt":{"rendered":"<p>Pro fungov\u00e1n\u00ed na\u0161ehoho webu vyu\u017e\u00edv\u00e1me cookies, neboli mal\u00e9 soubory, kter\u00e9 na\u0161e str\u00e1nky pomoc\u00ed prohl\u00ed\u017ee\u010de ukl\u00e1daj\u00ed do va\u0161eho za\u0159\u00edzen\u00ed. Cookies m\u016f\u017eeme rozd\u011blit na nezbytn\u00e9, preferen\u010dn\u00ed, statistick\u00e9 a&nbsp;marketingov\u00e9.&nbsp; Cookies sm\u00edme obvykle zpracov\u00e1vat pouze s&nbsp;va\u0161\u00edm souhlasem. Souhlas nen\u00ed pot\u0159eba pro nezbytn\u00e9 cookies. Ty jsou pot\u0159eba pro to, aby byly na\u0161e webov\u00e9 str\u00e1nky v\u016fbec funk\u010dn\u00ed a&nbsp;mohli jste n\u00e1s kontaktovat [&hellip;]<\/p>\n","protected":false},"author":1,"featured_media":0,"parent":0,"menu_order":0,"comment_status":"closed","ping_status":"closed","template":"","meta":{"footnotes":""},"class_list":["post-277","page","type-page","status-publish","hentry"],"yoast_head":"<!-- This site is optimized with the Yoast SEO plugin v27.2 - https:\/\/yoast.com\/product\/yoast-seo-wordpress\/ -->\n<title>Cookies - Maximum Services<\/title>\n<meta name=\"robots\" content=\"index, follow, max-snippet:-1, max-image-preview:large, max-video-preview:-1\" \/>\n<link rel=\"canonical\" href=\"https:\/\/maximumservices.cz\/en\/cookies\/\" \/>\n<meta property=\"og:locale\" content=\"en_GB\" \/>\n<meta property=\"og:type\" content=\"article\" \/>\n<meta property=\"og:title\" content=\"Cookies - Maximum Services\" \/>\n<meta property=\"og:description\" content=\"Pro fungov\u00e1n\u00ed na\u0161ehoho webu vyu\u017e\u00edv\u00e1me cookies, neboli mal\u00e9 soubory, kter\u00e9 na\u0161e str\u00e1nky pomoc\u00ed prohl\u00ed\u017ee\u010de ukl\u00e1daj\u00ed do va\u0161eho za\u0159\u00edzen\u00ed. Cookies m\u016f\u017eeme rozd\u011blit na nezbytn\u00e9, preferen\u010dn\u00ed, statistick\u00e9 a&nbsp;marketingov\u00e9.&nbsp; Cookies sm\u00edme obvykle zpracov\u00e1vat pouze s&nbsp;va\u0161\u00edm souhlasem. Souhlas nen\u00ed pot\u0159eba pro nezbytn\u00e9 cookies. Ty jsou pot\u0159eba pro to, aby byly na\u0161e webov\u00e9 str\u00e1nky v\u016fbec funk\u010dn\u00ed a&nbsp;mohli jste n\u00e1s kontaktovat [&hellip;]\" \/>\n<meta property=\"og:url\" content=\"https:\/\/maximumservices.cz\/en\/cookies\/\" \/>\n<meta property=\"og:site_name\" content=\"Maximum Services\" \/>\n<meta name=\"twitter:card\" content=\"summary_large_image\" \/>\n<meta name=\"twitter:label1\" content=\"Estimated reading time\" \/>\n\t<meta name=\"twitter:data1\" content=\"3 minutes\" \/>\n<script type=\"application\/ld+json\" class=\"yoast-schema-graph\">{\"@context\":\"https:\/\/schema.org\",\"@graph\":[{\"@type\":\"WebPage\",\"@id\":\"https:\/\/maximumservices.cz\/cookies\/\",\"url\":\"https:\/\/maximumservices.cz\/cookies\/\",\"name\":\"Cookies - Maximum Services\",\"isPartOf\":{\"@id\":\"https:\/\/maximumservices.cz\/#website\"},\"datePublished\":\"2022-01-10T13:49:16+00:00\",\"breadcrumb\":{\"@id\":\"https:\/\/maximumservices.cz\/cookies\/#breadcrumb\"},\"inLanguage\":\"en-GB\",\"potentialAction\":[{\"@type\":\"ReadAction\",\"target\":[\"https:\/\/maximumservices.cz\/cookies\/\"]}]},{\"@type\":\"BreadcrumbList\",\"@id\":\"https:\/\/maximumservices.cz\/cookies\/#breadcrumb\",\"itemListElement\":[{\"@type\":\"ListItem\",\"position\":1,\"name\":\"Home\",\"item\":\"https:\/\/maximumservices.cz\/\"},{\"@type\":\"ListItem\",\"position\":2,\"name\":\"Cookies\"}]},{\"@type\":\"WebSite\",\"@id\":\"https:\/\/maximumservices.cz\/#website\",\"url\":\"https:\/\/maximumservices.cz\/\",\"name\":\"Maximum Services\",\"description\":\"\",\"publisher\":{\"@id\":\"https:\/\/maximumservices.cz\/#organization\"},\"potentialAction\":[{\"@type\":\"SearchAction\",\"target\":{\"@type\":\"EntryPoint\",\"urlTemplate\":\"https:\/\/maximumservices.cz\/?s={search_term_string}\"},\"query-input\":{\"@type\":\"PropertyValueSpecification\",\"valueRequired\":true,\"valueName\":\"search_term_string\"}}],\"inLanguage\":\"en-GB\"},{\"@type\":\"Organization\",\"@id\":\"https:\/\/maximumservices.cz\/#organization\",\"name\":\"Maximum Services\",\"url\":\"https:\/\/maximumservices.cz\/\",\"logo\":{\"@type\":\"ImageObject\",\"inLanguage\":\"en-GB\",\"@id\":\"https:\/\/maximumservices.cz\/#\/schema\/logo\/image\/\",\"url\":\"https:\/\/maximumservices.cz\/wp-content\/uploads\/2026\/03\/services-logo.jpg\",\"contentUrl\":\"https:\/\/maximumservices.cz\/wp-content\/uploads\/2026\/03\/services-logo.jpg\",\"width\":2279,\"height\":2279,\"caption\":\"Maximum Services\"},\"image\":{\"@id\":\"https:\/\/maximumservices.cz\/#\/schema\/logo\/image\/\"}}]}<\/script>\n<!-- \/ Yoast SEO plugin. -->","yoast_head_json":{"title":"Cookies - Maximum Services","robots":{"index":"index","follow":"follow","max-snippet":"max-snippet:-1","max-image-preview":"max-image-preview:large","max-video-preview":"max-video-preview:-1"},"canonical":"https:\/\/maximumservices.cz\/en\/cookies\/","og_locale":"en_GB","og_type":"article","og_title":"Cookies - Maximum Services","og_description":"Pro fungov\u00e1n\u00ed na\u0161ehoho webu vyu\u017e\u00edv\u00e1me cookies, neboli mal\u00e9 soubory, kter\u00e9 na\u0161e str\u00e1nky pomoc\u00ed prohl\u00ed\u017ee\u010de ukl\u00e1daj\u00ed do va\u0161eho za\u0159\u00edzen\u00ed. Cookies m\u016f\u017eeme rozd\u011blit na nezbytn\u00e9, preferen\u010dn\u00ed, statistick\u00e9 a&nbsp;marketingov\u00e9.&nbsp; Cookies sm\u00edme obvykle zpracov\u00e1vat pouze s&nbsp;va\u0161\u00edm souhlasem. Souhlas nen\u00ed pot\u0159eba pro nezbytn\u00e9 cookies. Ty jsou pot\u0159eba pro to, aby byly na\u0161e webov\u00e9 str\u00e1nky v\u016fbec funk\u010dn\u00ed a&nbsp;mohli jste n\u00e1s kontaktovat [&hellip;]","og_url":"https:\/\/maximumservices.cz\/en\/cookies\/","og_site_name":"Maximum Services","twitter_card":"summary_large_image","twitter_misc":{"Estimated reading time":"3 minutes"},"schema":{"@context":"https:\/\/schema.org","@graph":[{"@type":"WebPage","@id":"https:\/\/maximumservices.cz\/cookies\/","url":"https:\/\/maximumservices.cz\/cookies\/","name":"Cookies - Maximum Services","isPartOf":{"@id":"https:\/\/maximumservices.cz\/#website"},"datePublished":"2022-01-10T13:49:16+00:00","breadcrumb":{"@id":"https:\/\/maximumservices.cz\/cookies\/#breadcrumb"},"inLanguage":"en-GB","potentialAction":[{"@type":"ReadAction","target":["https:\/\/maximumservices.cz\/cookies\/"]}]},{"@type":"BreadcrumbList","@id":"https:\/\/maximumservices.cz\/cookies\/#breadcrumb","itemListElement":[{"@type":"ListItem","position":1,"name":"Home","item":"https:\/\/maximumservices.cz\/"},{"@type":"ListItem","position":2,"name":"Cookies"}]},{"@type":"WebSite","@id":"https:\/\/maximumservices.cz\/#website","url":"https:\/\/maximumservices.cz\/","name":"Maximum Services","description":"","publisher":{"@id":"https:\/\/maximumservices.cz\/#organization"},"potentialAction":[{"@type":"SearchAction","target":{"@type":"EntryPoint","urlTemplate":"https:\/\/maximumservices.cz\/?s={search_term_string}"},"query-input":{"@type":"PropertyValueSpecification","valueRequired":true,"valueName":"search_term_string"}}],"inLanguage":"en-GB"},{"@type":"Organization","@id":"https:\/\/maximumservices.cz\/#organization","name":"Maximum Services","url":"https:\/\/maximumservices.cz\/","logo":{"@type":"ImageObject","inLanguage":"en-GB","@id":"https:\/\/maximumservices.cz\/#\/schema\/logo\/image\/","url":"https:\/\/maximumservices.cz\/wp-content\/uploads\/2026\/03\/services-logo.jpg","contentUrl":"https:\/\/maximumservices.cz\/wp-content\/uploads\/2026\/03\/services-logo.jpg","width":2279,"height":2279,"caption":"Maximum Services"},"image":{"@id":"https:\/\/maximumservices.cz\/#\/schema\/logo\/image\/"}}]}},"_links":{"self":[{"href":"https:\/\/maximumservices.cz\/en\/wp-json\/wp\/v2\/pages\/277","targetHints":{"allow":["GET"]}}],"collection":[{"href":"https:\/\/maximumservices.cz\/en\/wp-json\/wp\/v2\/pages"}],"about":[{"href":"https:\/\/maximumservices.cz\/en\/wp-json\/wp\/v2\/types\/page"}],"author":[{"embeddable":true,"href":"https:\/\/maximumservices.cz\/en\/wp-json\/wp\/v2\/users\/1"}],"replies":[{"embeddable":true,"href":"https:\/\/maximumservices.cz\/en\/wp-json\/wp\/v2\/comments?post=277"}],"version-history":[{"count":0,"href":"https:\/\/maximumservices.cz\/en\/wp-json\/wp\/v2\/pages\/277\/revisions"}],"wp:attachment":[{"href":"https:\/\/maximumservices.cz\/en\/wp-json\/wp\/v2\/media?parent=277"}],"curies":[{"name":"wp","href":"https:\/\/api.w.org\/{rel}","templated":true}]}}