{"id":7,"date":"2016-03-15T17:35:37","date_gmt":"2016-03-15T17:35:37","guid":{"rendered":"http:\/\/maximumservices.local\/office-catering\/"},"modified":"2016-03-15T17:35:37","modified_gmt":"2016-03-15T17:35:37","slug":"office-catering","status":"publish","type":"page","link":"https:\/\/maximumservices.cz\/en\/office-catering\/","title":{"rendered":"Office Catering"},"content":{"rendered":"<p>Maximum Catering, spole\u010dnost s dlouholetou tradic&iacute; na \u010desk&eacute;m i mezin&aacute;rodn&iacute;m trhu, nab&iacute;z&iacute; komplexn&iacute; cateringov&eacute; slu\u017eby pro V&aacute;&scaron; event.<\/p>\n<p>N&aacute;&scaron; t&yacute;m v \u010dele s &scaron;&eacute;fkucha\u0159em Milanem Ho\u0159ej&scaron;em pro V&aacute;s zajist&iacute;:<\/p>\n<ul>\n<li>sestaven&iacute; menu na kl&iacute;\u010d dle typu a konceptu po\u0159&aacute;dan&eacute; akce<\/li>\n<li>full servis catering pod z&aacute;&scaron;titou zku&scaron;en&eacute;ho t&yacute;mu<\/li>\n<li>poradenstv&iacute; a konzultace v pr\u016fb\u011bhu p\u0159&iacute;prav akce<\/li>\n<li>doporu\u010den&iacute; a zaji&scaron;t\u011bn&iacute; vhodn&yacute;ch lokalit<\/li>\n<li>&scaron;irok&aacute; nab&iacute;dka doprovodn&yacute;ch program\u016f<\/li>\n<li>v&iacute;ce ne\u017e 300 polo\u017eek z na&scaron;&iacute;&nbsp;<a href=\"index.php?option=com_content&amp;view=article&amp;id=25;pujcovna-inventare&amp;catid=2;uncategorised&amp;lang=cs-CZ&amp;Itemid=120\" title=\"Maximum Inventory - p\u016fj\u010dovna invent&aacute;\u0159e\">p\u016fj\u010dovny invent&aacute;\u0159e a mobili&aacute;\u0159e<\/a><\/li>\n<li>&bdquo;More than taste&ldquo; &#8211; catering pro pracovn&iacute; jedn&aacute;n&iacute; \u010di soukrom&aacute; setk&aacute;n&iacute; do Va&scaron;ich kancel&aacute;\u0159&iacute; a domov\u016f<\/li>\n<\/ul>\n<p>Recepce, koktejly, galave\u010de\u0159e, rauty, firemn&iacute; setk&aacute;n&iacute;, svatby.&nbsp;<br \/>V&aacute;&scaron; p\u0159&iacute;jemn&yacute; z&aacute;\u017eitek s Maximum Catering.<\/p>","protected":false},"excerpt":{"rendered":"<p>Maximum Catering, spole\u010dnost s dlouholetou tradic&iacute; na \u010desk&eacute;m i mezin&aacute;rodn&iacute;m trhu, nab&iacute;z&iacute; komplexn&iacute; cateringov&eacute; slu\u017eby pro V&aacute;&scaron; event. N&aacute;&scaron; t&yacute;m v \u010dele s &scaron;&eacute;fkucha\u0159em Milanem Ho\u0159ej&scaron;em pro V&aacute;s zajist&iacute;: sestaven&iacute; menu na kl&iacute;\u010d dle typu a konceptu po\u0159&aacute;dan&eacute; akce full servis catering pod z&aacute;&scaron;titou zku&scaron;en&eacute;ho t&yacute;mu poradenstv&iacute; a konzultace v pr\u016fb\u011bhu p\u0159&iacute;prav akce doporu\u010den&iacute; a [&hellip;]<\/p>\n","protected":false},"author":1,"featured_media":0,"parent":0,"menu_order":19,"comment_status":"closed","ping_status":"closed","template":"","meta":{"footnotes":""},"class_list":["post-7","page","type-page","status-publish","hentry"],"yoast_head":"<!-- This site is optimized with the Yoast SEO plugin v27.2 - https:\/\/yoast.com\/product\/yoast-seo-wordpress\/ -->\n<title>Office Catering - Maximum Services<\/title>\n<meta name=\"robots\" content=\"index, follow, max-snippet:-1, max-image-preview:large, max-video-preview:-1\" \/>\n<link rel=\"canonical\" href=\"https:\/\/maximumservices.cz\/en\/office-catering\/\" \/>\n<meta property=\"og:locale\" content=\"en_GB\" \/>\n<meta property=\"og:type\" content=\"article\" \/>\n<meta property=\"og:title\" content=\"Office Catering - Maximum Services\" \/>\n<meta property=\"og:description\" content=\"Maximum Catering, spole\u010dnost s dlouholetou tradic&iacute; na \u010desk&eacute;m i mezin&aacute;rodn&iacute;m trhu, nab&iacute;z&iacute; komplexn&iacute; cateringov&eacute; slu\u017eby pro V&aacute;&scaron; event. N&aacute;&scaron; t&yacute;m v \u010dele s &scaron;&eacute;fkucha\u0159em Milanem Ho\u0159ej&scaron;em pro V&aacute;s zajist&iacute;: sestaven&iacute; menu na kl&iacute;\u010d dle typu a konceptu po\u0159&aacute;dan&eacute; akce full servis catering pod z&aacute;&scaron;titou zku&scaron;en&eacute;ho t&yacute;mu poradenstv&iacute; a konzultace v pr\u016fb\u011bhu p\u0159&iacute;prav akce doporu\u010den&iacute; a [&hellip;]\" \/>\n<meta property=\"og:url\" content=\"https:\/\/maximumservices.cz\/en\/office-catering\/\" \/>\n<meta property=\"og:site_name\" content=\"Maximum Services\" \/>\n<meta name=\"twitter:card\" content=\"summary_large_image\" \/>\n<meta name=\"twitter:label1\" content=\"Estimated reading time\" \/>\n\t<meta name=\"twitter:data1\" content=\"1 minute\" \/>\n<script type=\"application\/ld+json\" class=\"yoast-schema-graph\">{\"@context\":\"https:\/\/schema.org\",\"@graph\":[{\"@type\":\"WebPage\",\"@id\":\"https:\/\/maximumservices.cz\/office-catering\/\",\"url\":\"https:\/\/maximumservices.cz\/office-catering\/\",\"name\":\"Office Catering - Maximum Services\",\"isPartOf\":{\"@id\":\"https:\/\/maximumservices.cz\/#website\"},\"datePublished\":\"2016-03-15T17:35:37+00:00\",\"breadcrumb\":{\"@id\":\"https:\/\/maximumservices.cz\/office-catering\/#breadcrumb\"},\"inLanguage\":\"en-GB\",\"potentialAction\":[{\"@type\":\"ReadAction\",\"target\":[\"https:\/\/maximumservices.cz\/office-catering\/\"]}]},{\"@type\":\"BreadcrumbList\",\"@id\":\"https:\/\/maximumservices.cz\/office-catering\/#breadcrumb\",\"itemListElement\":[{\"@type\":\"ListItem\",\"position\":1,\"name\":\"Home\",\"item\":\"https:\/\/maximumservices.cz\/\"},{\"@type\":\"ListItem\",\"position\":2,\"name\":\"Office Catering\"}]},{\"@type\":\"WebSite\",\"@id\":\"https:\/\/maximumservices.cz\/#website\",\"url\":\"https:\/\/maximumservices.cz\/\",\"name\":\"Maximum Services\",\"description\":\"\",\"publisher\":{\"@id\":\"https:\/\/maximumservices.cz\/#organization\"},\"potentialAction\":[{\"@type\":\"SearchAction\",\"target\":{\"@type\":\"EntryPoint\",\"urlTemplate\":\"https:\/\/maximumservices.cz\/?s={search_term_string}\"},\"query-input\":{\"@type\":\"PropertyValueSpecification\",\"valueRequired\":true,\"valueName\":\"search_term_string\"}}],\"inLanguage\":\"en-GB\"},{\"@type\":\"Organization\",\"@id\":\"https:\/\/maximumservices.cz\/#organization\",\"name\":\"Maximum Services\",\"url\":\"https:\/\/maximumservices.cz\/\",\"logo\":{\"@type\":\"ImageObject\",\"inLanguage\":\"en-GB\",\"@id\":\"https:\/\/maximumservices.cz\/#\/schema\/logo\/image\/\",\"url\":\"https:\/\/maximumservices.cz\/wp-content\/uploads\/2026\/03\/services-logo.jpg\",\"contentUrl\":\"https:\/\/maximumservices.cz\/wp-content\/uploads\/2026\/03\/services-logo.jpg\",\"width\":2279,\"height\":2279,\"caption\":\"Maximum Services\"},\"image\":{\"@id\":\"https:\/\/maximumservices.cz\/#\/schema\/logo\/image\/\"}}]}<\/script>\n<!-- \/ Yoast SEO plugin. -->","yoast_head_json":{"title":"Office Catering - Maximum Services","robots":{"index":"index","follow":"follow","max-snippet":"max-snippet:-1","max-image-preview":"max-image-preview:large","max-video-preview":"max-video-preview:-1"},"canonical":"https:\/\/maximumservices.cz\/en\/office-catering\/","og_locale":"en_GB","og_type":"article","og_title":"Office Catering - Maximum Services","og_description":"Maximum Catering, spole\u010dnost s dlouholetou tradic&iacute; na \u010desk&eacute;m i mezin&aacute;rodn&iacute;m trhu, nab&iacute;z&iacute; komplexn&iacute; cateringov&eacute; slu\u017eby pro V&aacute;&scaron; event. N&aacute;&scaron; t&yacute;m v \u010dele s &scaron;&eacute;fkucha\u0159em Milanem Ho\u0159ej&scaron;em pro V&aacute;s zajist&iacute;: sestaven&iacute; menu na kl&iacute;\u010d dle typu a konceptu po\u0159&aacute;dan&eacute; akce full servis catering pod z&aacute;&scaron;titou zku&scaron;en&eacute;ho t&yacute;mu poradenstv&iacute; a konzultace v pr\u016fb\u011bhu p\u0159&iacute;prav akce doporu\u010den&iacute; a [&hellip;]","og_url":"https:\/\/maximumservices.cz\/en\/office-catering\/","og_site_name":"Maximum Services","twitter_card":"summary_large_image","twitter_misc":{"Estimated reading time":"1 minute"},"schema":{"@context":"https:\/\/schema.org","@graph":[{"@type":"WebPage","@id":"https:\/\/maximumservices.cz\/office-catering\/","url":"https:\/\/maximumservices.cz\/office-catering\/","name":"Office Catering - Maximum Services","isPartOf":{"@id":"https:\/\/maximumservices.cz\/#website"},"datePublished":"2016-03-15T17:35:37+00:00","breadcrumb":{"@id":"https:\/\/maximumservices.cz\/office-catering\/#breadcrumb"},"inLanguage":"en-GB","potentialAction":[{"@type":"ReadAction","target":["https:\/\/maximumservices.cz\/office-catering\/"]}]},{"@type":"BreadcrumbList","@id":"https:\/\/maximumservices.cz\/office-catering\/#breadcrumb","itemListElement":[{"@type":"ListItem","position":1,"name":"Home","item":"https:\/\/maximumservices.cz\/"},{"@type":"ListItem","position":2,"name":"Office Catering"}]},{"@type":"WebSite","@id":"https:\/\/maximumservices.cz\/#website","url":"https:\/\/maximumservices.cz\/","name":"Maximum Services","description":"","publisher":{"@id":"https:\/\/maximumservices.cz\/#organization"},"potentialAction":[{"@type":"SearchAction","target":{"@type":"EntryPoint","urlTemplate":"https:\/\/maximumservices.cz\/?s={search_term_string}"},"query-input":{"@type":"PropertyValueSpecification","valueRequired":true,"valueName":"search_term_string"}}],"inLanguage":"en-GB"},{"@type":"Organization","@id":"https:\/\/maximumservices.cz\/#organization","name":"Maximum Services","url":"https:\/\/maximumservices.cz\/","logo":{"@type":"ImageObject","inLanguage":"en-GB","@id":"https:\/\/maximumservices.cz\/#\/schema\/logo\/image\/","url":"https:\/\/maximumservices.cz\/wp-content\/uploads\/2026\/03\/services-logo.jpg","contentUrl":"https:\/\/maximumservices.cz\/wp-content\/uploads\/2026\/03\/services-logo.jpg","width":2279,"height":2279,"caption":"Maximum Services"},"image":{"@id":"https:\/\/maximumservices.cz\/#\/schema\/logo\/image\/"}}]}},"_links":{"self":[{"href":"https:\/\/maximumservices.cz\/en\/wp-json\/wp\/v2\/pages\/7","targetHints":{"allow":["GET"]}}],"collection":[{"href":"https:\/\/maximumservices.cz\/en\/wp-json\/wp\/v2\/pages"}],"about":[{"href":"https:\/\/maximumservices.cz\/en\/wp-json\/wp\/v2\/types\/page"}],"author":[{"embeddable":true,"href":"https:\/\/maximumservices.cz\/en\/wp-json\/wp\/v2\/users\/1"}],"replies":[{"embeddable":true,"href":"https:\/\/maximumservices.cz\/en\/wp-json\/wp\/v2\/comments?post=7"}],"version-history":[{"count":0,"href":"https:\/\/maximumservices.cz\/en\/wp-json\/wp\/v2\/pages\/7\/revisions"}],"wp:attachment":[{"href":"https:\/\/maximumservices.cz\/en\/wp-json\/wp\/v2\/media?parent=7"}],"curies":[{"name":"wp","href":"https:\/\/api.w.org\/{rel}","templated":true}]}}