{"id":8,"date":"2016-03-15T19:42:47","date_gmt":"2016-03-15T19:42:47","guid":{"rendered":"http:\/\/maximumservices.local\/about-us\/"},"modified":"2026-02-27T08:52:53","modified_gmt":"2026-02-27T08:52:53","slug":"about-us","status":"publish","type":"page","link":"https:\/\/maximumservices.cz\/en\/about-us\/","title":{"rendered":"About us"},"content":{"rendered":"<p>Maximum Services was founded as a family company in 1999 with a goal to bring quality catering services for reasonable prices to the Czech market. From the very beginning we established the client to be the pivotal point of our company policy. Throughout the event preparation we focus on demonstrating our maximal devotion to our client and willingness to carry out any of his requests within our highly set standards.<\/p>\n<p>Maximum Catering offers complex catering services for all types of events; for corporate and personal meetings, gala dinners, banquets, conferences, congresses and outdoor events. Our steady team of professionals derives from the experiences gained over the last 15 years during which we have not only managed to stay at an exceptional level of services provided but also to respond to progression and new trends in the hospitality industry.<\/p>\n<p>We believe that our approach based on thorough selection of colleagues, suppliers and partners is largely responsible for our existing success and wide range of loyal clients. Maximum Catering emphasis perfect hospitable service and that is why we see nurturing responsible and always smiling staff as essential to our business. We collaborate with suppliers producing seasonal products, local suppliers and other long-term partners that all help us bring your vision to reality.<\/p>\n<p>Amongst our satisfied clients you can find companies such as \u0160KODA AUTO, \u010cesk\u00e1 Spo\u0159itelna, Oracle, Bosch, PVA Let\u0148any, L&#8217;Or\u00e9al, PRE, Honda Motorcycles, GE Aviation, Quix, Fintherm, Czech Architecture Week, Divadlo Bez z\u00e1bradl\u00ed, Srdce na dlani and many others.<\/p>","protected":false},"excerpt":{"rendered":"<p>Maximum Services was founded as a family company in 1999 with a goal to bring quality catering services for reasonable prices to the Czech market. From the very beginning we established the client to be the pivotal point of our company policy. Throughout the event preparation we focus on demonstrating our maximal devotion to our [&hellip;]<\/p>\n","protected":false},"author":1,"featured_media":0,"parent":0,"menu_order":18,"comment_status":"closed","ping_status":"closed","template":"template-catering.php","meta":{"footnotes":""},"class_list":["post-8","page","type-page","status-publish","hentry"],"yoast_head":"<!-- This site is optimized with the Yoast SEO plugin v27.2 - https:\/\/yoast.com\/product\/yoast-seo-wordpress\/ -->\n<title>About us - Maximum Services<\/title>\n<meta name=\"robots\" content=\"index, follow, max-snippet:-1, max-image-preview:large, max-video-preview:-1\" \/>\n<link rel=\"canonical\" href=\"https:\/\/maximumservices.cz\/en\/about-us\/\" \/>\n<meta property=\"og:locale\" content=\"en_GB\" \/>\n<meta property=\"og:type\" content=\"article\" \/>\n<meta property=\"og:title\" content=\"About us - Maximum Services\" \/>\n<meta property=\"og:description\" content=\"Maximum Services was founded as a family company in 1999 with a goal to bring quality catering services for reasonable prices to the Czech market. From the very beginning we established the client to be the pivotal point of our company policy. Throughout the event preparation we focus on demonstrating our maximal devotion to our [&hellip;]\" \/>\n<meta property=\"og:url\" content=\"https:\/\/maximumservices.cz\/en\/about-us\/\" \/>\n<meta property=\"og:site_name\" content=\"Maximum Services\" \/>\n<meta property=\"article:modified_time\" content=\"2026-02-27T08:52:53+00:00\" \/>\n<meta name=\"twitter:card\" content=\"summary_large_image\" \/>\n<meta name=\"twitter:label1\" content=\"Estimated reading time\" \/>\n\t<meta name=\"twitter:data1\" content=\"1 minute\" \/>\n<script type=\"application\/ld+json\" class=\"yoast-schema-graph\">{\"@context\":\"https:\/\/schema.org\",\"@graph\":[{\"@type\":\"WebPage\",\"@id\":\"https:\/\/maximumservices.cz\/about-us\/\",\"url\":\"https:\/\/maximumservices.cz\/about-us\/\",\"name\":\"About us - Maximum Services\",\"isPartOf\":{\"@id\":\"https:\/\/maximumservices.cz\/#website\"},\"datePublished\":\"2016-03-15T19:42:47+00:00\",\"dateModified\":\"2026-02-27T08:52:53+00:00\",\"breadcrumb\":{\"@id\":\"https:\/\/maximumservices.cz\/about-us\/#breadcrumb\"},\"inLanguage\":\"en-GB\",\"potentialAction\":[{\"@type\":\"ReadAction\",\"target\":[\"https:\/\/maximumservices.cz\/about-us\/\"]}]},{\"@type\":\"BreadcrumbList\",\"@id\":\"https:\/\/maximumservices.cz\/about-us\/#breadcrumb\",\"itemListElement\":[{\"@type\":\"ListItem\",\"position\":1,\"name\":\"Home\",\"item\":\"https:\/\/maximumservices.cz\/\"},{\"@type\":\"ListItem\",\"position\":2,\"name\":\"About us\"}]},{\"@type\":\"WebSite\",\"@id\":\"https:\/\/maximumservices.cz\/#website\",\"url\":\"https:\/\/maximumservices.cz\/\",\"name\":\"Maximum Services\",\"description\":\"\",\"publisher\":{\"@id\":\"https:\/\/maximumservices.cz\/#organization\"},\"potentialAction\":[{\"@type\":\"SearchAction\",\"target\":{\"@type\":\"EntryPoint\",\"urlTemplate\":\"https:\/\/maximumservices.cz\/?s={search_term_string}\"},\"query-input\":{\"@type\":\"PropertyValueSpecification\",\"valueRequired\":true,\"valueName\":\"search_term_string\"}}],\"inLanguage\":\"en-GB\"},{\"@type\":\"Organization\",\"@id\":\"https:\/\/maximumservices.cz\/#organization\",\"name\":\"Maximum Services\",\"url\":\"https:\/\/maximumservices.cz\/\",\"logo\":{\"@type\":\"ImageObject\",\"inLanguage\":\"en-GB\",\"@id\":\"https:\/\/maximumservices.cz\/#\/schema\/logo\/image\/\",\"url\":\"https:\/\/maximumservices.cz\/wp-content\/uploads\/2026\/03\/services-logo.jpg\",\"contentUrl\":\"https:\/\/maximumservices.cz\/wp-content\/uploads\/2026\/03\/services-logo.jpg\",\"width\":2279,\"height\":2279,\"caption\":\"Maximum Services\"},\"image\":{\"@id\":\"https:\/\/maximumservices.cz\/#\/schema\/logo\/image\/\"}}]}<\/script>\n<!-- \/ Yoast SEO plugin. -->","yoast_head_json":{"title":"About us - Maximum Services","robots":{"index":"index","follow":"follow","max-snippet":"max-snippet:-1","max-image-preview":"max-image-preview:large","max-video-preview":"max-video-preview:-1"},"canonical":"https:\/\/maximumservices.cz\/en\/about-us\/","og_locale":"en_GB","og_type":"article","og_title":"About us - Maximum Services","og_description":"Maximum Services was founded as a family company in 1999 with a goal to bring quality catering services for reasonable prices to the Czech market. From the very beginning we established the client to be the pivotal point of our company policy. Throughout the event preparation we focus on demonstrating our maximal devotion to our [&hellip;]","og_url":"https:\/\/maximumservices.cz\/en\/about-us\/","og_site_name":"Maximum Services","article_modified_time":"2026-02-27T08:52:53+00:00","twitter_card":"summary_large_image","twitter_misc":{"Estimated reading time":"1 minute"},"schema":{"@context":"https:\/\/schema.org","@graph":[{"@type":"WebPage","@id":"https:\/\/maximumservices.cz\/about-us\/","url":"https:\/\/maximumservices.cz\/about-us\/","name":"About us - Maximum Services","isPartOf":{"@id":"https:\/\/maximumservices.cz\/#website"},"datePublished":"2016-03-15T19:42:47+00:00","dateModified":"2026-02-27T08:52:53+00:00","breadcrumb":{"@id":"https:\/\/maximumservices.cz\/about-us\/#breadcrumb"},"inLanguage":"en-GB","potentialAction":[{"@type":"ReadAction","target":["https:\/\/maximumservices.cz\/about-us\/"]}]},{"@type":"BreadcrumbList","@id":"https:\/\/maximumservices.cz\/about-us\/#breadcrumb","itemListElement":[{"@type":"ListItem","position":1,"name":"Home","item":"https:\/\/maximumservices.cz\/"},{"@type":"ListItem","position":2,"name":"About us"}]},{"@type":"WebSite","@id":"https:\/\/maximumservices.cz\/#website","url":"https:\/\/maximumservices.cz\/","name":"Maximum Services","description":"","publisher":{"@id":"https:\/\/maximumservices.cz\/#organization"},"potentialAction":[{"@type":"SearchAction","target":{"@type":"EntryPoint","urlTemplate":"https:\/\/maximumservices.cz\/?s={search_term_string}"},"query-input":{"@type":"PropertyValueSpecification","valueRequired":true,"valueName":"search_term_string"}}],"inLanguage":"en-GB"},{"@type":"Organization","@id":"https:\/\/maximumservices.cz\/#organization","name":"Maximum Services","url":"https:\/\/maximumservices.cz\/","logo":{"@type":"ImageObject","inLanguage":"en-GB","@id":"https:\/\/maximumservices.cz\/#\/schema\/logo\/image\/","url":"https:\/\/maximumservices.cz\/wp-content\/uploads\/2026\/03\/services-logo.jpg","contentUrl":"https:\/\/maximumservices.cz\/wp-content\/uploads\/2026\/03\/services-logo.jpg","width":2279,"height":2279,"caption":"Maximum Services"},"image":{"@id":"https:\/\/maximumservices.cz\/#\/schema\/logo\/image\/"}}]}},"_links":{"self":[{"href":"https:\/\/maximumservices.cz\/en\/wp-json\/wp\/v2\/pages\/8","targetHints":{"allow":["GET"]}}],"collection":[{"href":"https:\/\/maximumservices.cz\/en\/wp-json\/wp\/v2\/pages"}],"about":[{"href":"https:\/\/maximumservices.cz\/en\/wp-json\/wp\/v2\/types\/page"}],"author":[{"embeddable":true,"href":"https:\/\/maximumservices.cz\/en\/wp-json\/wp\/v2\/users\/1"}],"replies":[{"embeddable":true,"href":"https:\/\/maximumservices.cz\/en\/wp-json\/wp\/v2\/comments?post=8"}],"version-history":[{"count":1,"href":"https:\/\/maximumservices.cz\/en\/wp-json\/wp\/v2\/pages\/8\/revisions"}],"predecessor-version":[{"id":541,"href":"https:\/\/maximumservices.cz\/en\/wp-json\/wp\/v2\/pages\/8\/revisions\/541"}],"wp:attachment":[{"href":"https:\/\/maximumservices.cz\/en\/wp-json\/wp\/v2\/media?parent=8"}],"curies":[{"name":"wp","href":"https:\/\/api.w.org\/{rel}","templated":true}]}}